{"id":1658,"date":"2022-08-01T16:06:31","date_gmt":"2022-08-01T15:06:31","guid":{"rendered":"https:\/\/www.cerclesuissejapon.ch\/wordpress\/?page_id=1658"},"modified":"2022-08-01T16:09:41","modified_gmt":"2022-08-01T15:09:41","slug":"histoire-du-cercle-suisse-japon","status":"publish","type":"page","link":"https:\/\/www.cerclesuissejapon.ch\/wordpress\/histoire-du-cercle-suisse-japon\/","title":{"rendered":"Histoire du Cercle Suisse-Japon"},"content":{"rendered":"<p>[et_pb_section fb_built=\u00a0\u00bb1&Prime; _builder_version=\u00a0\u00bb4.14.7&Prime; _module_preset=\u00a0\u00bbdefault\u00a0\u00bb hover_enabled=\u00a0\u00bb0&Prime; global_colors_info=\u00a0\u00bb{}\u00a0\u00bb custom_padding=\u00a0\u00bb0px|||||\u00a0\u00bb background_color=\u00a0\u00bbrgba(232,232,232,0)\u00a0\u00bb title_text=\u00a0\u00bbDSC_0856 Prunus jamasakura, Yamasakura, 200402 cortremblnet1000&Prime; background_image=\u00a0\u00bbhttps:\/\/www.cerclesuissejapon.ch\/wordpress\/wp-content\/uploads\/2020\/04\/DSC_0856-Prunus-jamasakura-Yamasakura-200402-cortremblnet1000.jpg\u00a0\u00bb sticky_enabled=\u00a0\u00bb0&Prime; min_height=\u00a0\u00bb250px\u00a0\u00bb][\/et_pb_section][et_pb_section fb_built=\u00a0\u00bb1&Prime; _builder_version=\u00a0\u00bb4.14.7&Prime; _module_preset=\u00a0\u00bbdefault\u00a0\u00bb hover_enabled=\u00a0\u00bb0&Prime; global_colors_info=\u00a0\u00bb{}\u00a0\u00bb custom_padding=\u00a0\u00bb0px|||||\u00a0\u00bb background_color=\u00a0\u00bbrgba(232,232,232,0)\u00a0\u00bb title_text=\u00a0\u00bbHanami 2014 invitation\u00a0\u00bb sticky_enabled=\u00a0\u00bb0&Prime; background_enable_image=\u00a0\u00bboff\u00a0\u00bb][et_pb_row _builder_version=\u00a0\u00bb4.14.7&Prime; _module_preset=\u00a0\u00bbdefault\u00a0\u00bb hover_enabled=\u00a0\u00bb0&Prime; global_colors_info=\u00a0\u00bb{}\u00a0\u00bb custom_padding=\u00a0\u00bb50px|||||\u00a0\u00bb sticky_enabled=\u00a0\u00bb0&Prime;][et_pb_column type=\u00a0\u00bb4_4&Prime; _builder_version=\u00a0\u00bb4.14.7&Prime; _module_preset=\u00a0\u00bbdefault\u00a0\u00bb global_colors_info=\u00a0\u00bb{}\u00a0\u00bb][et_pb_text _builder_version=\u00a0\u00bb4.14.7&Prime; _module_preset=\u00a0\u00bbdefault\u00a0\u00bb hover_enabled=\u00a0\u00bb0&Prime; global_colors_info=\u00a0\u00bb{}\u00a0\u00bb sticky_enabled=\u00a0\u00bb0&Prime; header_font_size=\u00a0\u00bb34px\u00a0\u00bb header_font=\u00a0\u00bb||||||||\u00a0\u00bb]<\/p>\n<h1>Historique du Cercle Suisse-Japon<\/h1>\n<p>[\/et_pb_text][et_pb_text _builder_version=\u00a0\u00bb4.14.7&Prime; _module_preset=\u00a0\u00bbdefault\u00a0\u00bb hover_enabled=\u00a0\u00bb0&Prime; global_colors_info=\u00a0\u00bb{}\u00a0\u00bb sticky_enabled=\u00a0\u00bb0&Prime; header_2_font_size=\u00a0\u00bb22px\u00a0\u00bb header_2_text_color=\u00a0\u00bb#424242&Prime; header_font=\u00a0\u00bbArial||||||||\u00a0\u00bb]<\/p>\n<h2><strong>Cr\u00e9ation et premiers \u00e9v\u00e9nements<\/strong><\/h2>\n<p>[\/et_pb_text][et_pb_text _builder_version=\u00a0\u00bb4.14.7&Prime; _module_preset=\u00a0\u00bbdefault\u00a0\u00bb hover_enabled=\u00a0\u00bb0&Prime; global_colors_info=\u00a0\u00bb{}\u00a0\u00bb sticky_enabled=\u00a0\u00bb0&Prime;]<\/p>\n<p><strong><em>28 septembre 2002<br \/><\/em><\/strong>Naoko TANNO rassemble 30 personnes \u00e9ventuellement int\u00e9ress\u00e9es \u00e0 fonder une association Suisse-Japon dans la r\u00e9gion de Lausanne. La r\u00e9union a lieu \u00e0 Grandvaux, que l\u2019empereur Shy\u00f4wa avait visit\u00e9 en 1971.<\/p>\n<p><strong><em>12 avril 2003<br \/><\/em><\/strong>La journ\u00e9e de la culture japonaise est organis\u00e9e pour sonder si les Vaudois sont int\u00e9ress\u00e9s.<br \/>D\u00e9monstrations d\u2019Ikebana par Mme Motoko WATANABE, d\u2019Origami et d\u2019une c\u00e9r\u00e9monie de th\u00e9 par Mme Hiromi YAMADA suscite l\u2019int\u00e9r\u00eat du public.\u00a0 Une exposition de c\u00e9ramique par M. Toshi TAKEUCHI et un Bonsai attirent beaucoup de monde.<br \/>La journ\u00e9e est un grand succ\u00e8s en pr\u00e9sence de Monsieur le Consul japonais de Gen\u00e8ve.<\/p>\n<p><strong><em>27 octobre 2003<br \/><\/em><\/strong>L\u2019association Cercle Suisse-Japon est fond\u00e9e. Les membres du comit\u00e9 fondateur sont les suivants : Tchi\u00e9 MURANO-BLEULER, Hiroko LUYET, Naohiko SATA, Ren\u00e9 JACCOUD, Emile TASEV, Nicolas URECH, Naoko TANNO<\/p>\n<p><strong><em>14 novembre 2003<br \/><\/em><\/strong>La premi\u00e8re manifestation est organis\u00e9e en collaboration avec le conservatoire de Lausanne. Le th\u00e8me est \u00abLa musique japonaise contemporaine \u00bb.<\/p>\n<p><strong><em>16 mai 2004<br \/><\/em><\/strong>D\u00e9monstration et d\u00e9gustation de Soba pr\u00e9par\u00e9s par M. Noriyuki TAKAYAMA.<\/p>\n<p><strong><em>2 juin 2004<br \/><\/em><\/strong>La premi\u00e8re Assembl\u00e9e G\u00e9n\u00e9rale approuve les statuts r\u00e9dig\u00e9s le 27 octobre 2003.<\/p>\n<p><strong><em>20 septembre 2004<br \/><\/em><\/strong>Le Cercle Suisse-Japon tient son premier \u00ab Tsukimi\u00bb (Contemplation de la Lune). Cette manifestation a lieu chaque ann\u00e9e depuis.\u00a0<\/p>\n<p><strong><em>19, 23, 24, 25 novembre 2004<br \/><\/em><\/strong>Le Cycle de films japonais est organis\u00e9 \u00e0 l\u2019EPFL. L\u2019ambassade du Japon \u00e0 Paris envoie les films de 16 mm qui sont ensuite achemin\u00e9s par M. le vice-consul japonais de Gen\u00e8ve.<br \/>Le Cycle a \u00e9t\u00e9 organis\u00e9 deux fois par ann\u00e9e, soit huit films par ann\u00e9e sont pr\u00e9sent\u00e9s de 2004 \u00e0 2014 (\u00e0 l\u2019exception de mars 2011) gr\u00e2ce aux efforts de Nicolas RUDAZ et Tchi\u00e9 MURANO-BLEULER.<\/p>\n<p>\u00a0<strong><em>15 janvier 2005<br \/><\/em><\/strong>Le premier \u00ab Shin-nen-kai \u00bb (Nouvel-an japonais) est f\u00eat\u00e9 \u00e0 Grandvaux et le sera jusqu\u2019en 2010.<\/p>\n<p>\u00a0<strong><em>24 avril 2005<br \/><\/em><\/strong>Le premier \u00ab Hanami \u00bb a lieu \u00e0 l\u2019Arboretum du vallon de l\u2019Aubonne. Cette manifestation annuelle perdure encore aujourd\u2019hui sous la responsabilit\u00e9 de Sylvain MEIER, ing\u00e9nieur forestier et fondateur de la For\u00eat japonaise.<\/p>\n<p><strong><\/strong><\/p>\n<p><strong>\u00c9v\u00e9nements du 150\u00e8me anniversaire de la relation diplomatique entre la Suisse et le Japon en 2014<\/strong><\/p>\n<ul>\n<li>Pi\u00e8ce de th\u00e9\u00e2tre Noh \u00e0 l\u2019EPFL, Op\u00e9ra@Noh-Th\u00e9atre (25 f\u00e9vrier 2014)<\/li>\n<li>Exposition de photographie et de calligraphie au Salon du livre de Gen\u00e8ve, MM. Matthieu ZELLWEGER et Pascal KRIEGER (avril-mai 2014)<\/li>\n<li>Rencontre amicale entre Grandvaux et le Japon (20-22 juin 2014) avec\u00a0: La troupe de \u00abWadaiko\u00bb (tambour japonais) Remi-Taiko, La Chanson Vigneronne, Le ch\u0153ur japonais SOLA, Mme Motoko WATANABE, peintre, MM. Toshi TAKEUCHI et Hugues de CROUSAZ, c\u00e9ramistes, M. Matthieu ZELLWEGER, photographe, M. Pascal KRIEGER, calligraphe<\/li>\n<li>Kimono Show, Salle Paderewski \u00e0 Lausanne (6 septembre 2014), Th\u00e9\u00e2tre Bunraku \u00e0 l\u2019EPFL, (8 octobre 2014)<\/li>\n<\/ul>\n<p>[\/et_pb_text][et_pb_text _builder_version=\u00a0\u00bb4.14.7&Prime; _module_preset=\u00a0\u00bbdefault\u00a0\u00bb hover_enabled=\u00a0\u00bb0&Prime; global_colors_info=\u00a0\u00bb{}\u00a0\u00bb sticky_enabled=\u00a0\u00bb0&Prime; header_2_font_size=\u00a0\u00bb22px\u00a0\u00bb header_2_text_color=\u00a0\u00bb#424242&Prime; header_font=\u00a0\u00bbArial||||||||\u00a0\u00bb]<\/p>\n<h2><strong>Autres manifestations<\/strong><\/h2>\n<p>[\/et_pb_text][et_pb_text _builder_version=\u00a0\u00bb4.14.7&Prime; _module_preset=\u00a0\u00bbdefault\u00a0\u00bb hover_enabled=\u00a0\u00bb0&Prime; global_colors_info=\u00a0\u00bb{}\u00a0\u00bb sticky_enabled=\u00a0\u00bb0&Prime;]<\/p>\n<p><strong><em>1. Conf\u00e9rences<\/em><\/strong><\/p>\n<p>Mme Chizu KOBAYASHI sur le jeu de Go (2004)<\/p>\n<p>M. Masayuki NINOMIYA sur \u00ab Le regard de Paul Claudel sur le Japon dans les ann\u00e9es 1920 \u00bb (2005)<\/p>\n<p>M. Yoshio TAKAMI, directeur de Toei Animation sur \u00ab Le dessin anim\u00e9 japonais \u00bb (2005)<\/p>\n<p>Mme Senriei NISHIKAWA sur \u00ab La danse traditionnelle japonaise \u00bb (2006)<\/p>\n<p>Mme Suishu Tomoko KLOPFENSTEIN sur la calligraphie (2005 et 2007)<\/p>\n<p>Mme Fran\u00e7oise CORBOZ sur ses \u0153uvres de peinture (2006)<\/p>\n<p>M. Pierre RAMBACH sur \u00ab Le Jardin japonais \u00bb (2006)<\/p>\n<p>M. Fran\u00e7ois STORNO sur le Netzuk\u00e9 (2006)<\/p>\n<p>M. Carl HERBORT sur \u00ab L\u2019impact de la Restauration Meiji sur l\u2019introduction de la m\u00e9decine occidentale au Japon \u00e0 travers l\u2019ophtalmologie \u00bb (2008)<\/p>\n<p>M. Philipe S\u00f4sui NEESER sur \u00ab La Culture du Th\u00e9 \u00bb (2008) et sur \u00ab Une invitation de Th\u00e9 \u00bb (2012) et sur \u00ab1864 ou la Suisse \u00e0 la d\u00e9couverte du Japon \u00bb (2015)<\/p>\n<p>M.et Mme ZELLWEGER sur \u00ab Un hiver \u00e0 Hokkaido \u00bb (2009)<\/p>\n<p>M.et Mme Martin BLEULER sur \u00ab L\u2019\u00e9clipse vue d\u2019Iwo Jima \u00bb (2009)<\/p>\n<p>Mme Mitsue NICOLAS-MURAI sur \u00ab Le th\u00e9 japonais \u00bb (2010)<\/p>\n<p>Mme Caroline VUAGNIAUX sur \u00ab Home stay \u00e0 Fukuoka \u00bb (2010)<\/p>\n<p>Mme Dominique PALME sur \u00ab Mishima Yukio \u00bb (2010)<\/p>\n<p>M. Beat FREY sur \u00ab Le cin\u00e9ma japonais en Suisse \u00bb (2010)<\/p>\n<p>Mme Scarlett MONNIN sur \u00ab Le p\u00e8lerinage de Shikoku \u00bb (2012)<\/p>\n<p>Mme Taki GIRARD sur \u00ab l\u2019Origami \u00bb (2012)<\/p>\n<p>Mme Sophie LE BERRE \u00ab Les cerisiers japonais et le Hanami \u00bb (2013)<\/p>\n<p>Mme Lucienne GIRARDBILLE sur \u00ab l\u2019histoire de l\u2019Ikebana \u00bb (2013)<\/p>\n<p>M. Robert KNEUSS sur \u00ab La construction traditionnelles au Japon \u00bb (2014)<\/p>\n<p>Mme Talissa GASSER sur \u00ab Le quartier de Sanya entre pauvret\u00e9 et pr\u00e9carit\u00e9 \u00bb (2014)<\/p>\n<p>Mme Estelle LEGGERI-BAUER sur \u00ab Des m\u00e9tiers compar\u00e9s du sak\u00e9 et du riz \u00bb (2015)<\/p>\n<p>Mme Jocelyne DERRUDER sur \u00ab Les Kak\u00e9jiku \u00bb (2016)<\/p>\n<p>M. Emmanuel LOZERAND sur Natsume S\u00f4seki (2016) et sur Masaoka Shiki (2017)<\/p>\n<p>Mme Ir\u00e8ne VOGEL sur \u00ab Le Jardin du Ry\u00f4an-ji \u00bb (2018)<\/p>\n<p>M. Sylvain FROCHAUX sur \u00ab Quel futur \u00e9conomique pour le Japon ? \u00bb (2018)<\/p>\n<p>Mme<span style=\"text-decoration: line-through;\"> <\/span>Sophia MARCHESIN sur \u00ab Le Kimono en washi \u00bb (2019)<\/p>\n<p>M. Philippe DALLAIS sur \u00ab Manger de la viande au Japon : histoire, repr\u00e9sentations et pratiques du point de vue d\u2019un chercheur v\u00e9g\u00e9tarien \u00bb (2019)<\/p>\n<p>Mme Martine REY sur \u00ab La laque urushi et le kintsugi \u00bb (2020)<\/p>\n<p>M. Hannes BLEULER et Mme Naddia NIBBIO sur \u00ab Qu\u2019avons-nous appris de Fukushima \u00bb (2021)<\/p>\n<p>M. Damien KUNIK \u00ab Un si\u00e8cle de <em>Mingei<\/em>, le mouvement des arts populaires du Japon\u00a0\u00bb (2022<\/p>\n<p>[\/et_pb_text][et_pb_text _builder_version=\u00a0\u00bb4.14.7&Prime; _module_preset=\u00a0\u00bbdefault\u00a0\u00bb hover_enabled=\u00a0\u00bb0&Prime; global_colors_info=\u00a0\u00bb{}\u00a0\u00bb sticky_enabled=\u00a0\u00bb0&Prime;]<\/p>\n<p><strong><em>2. Concerts<\/em><\/strong><\/p>\n<p>&#8211; Concert de musique japonaise par Mme Sakuya KODA, Mme Yukiko TANAKA, M. Yuji NOGUCHI, Mme Kaori YOKOYAMA, Mme Michiko SUGIURA (2003)<\/p>\n<p>&#8211; Wadaiko, troupe Hibiki et\/ou troupe Remi-Taiko (2005) (2006) (2007) et chaque Shinnenkai (2005-2010)<\/p>\n<p>&#8211; Rencontre d\u2019instruments anciens du Japon et d\u2019Occident, M. Taro MIURA au Shakuhachi et Mme Michiko SUGIURA au clavecin (2008)<\/p>\n<p>&#8211; Concert de soutien \u00e0 la Haute \u00c9cole de Musique de Lausanne (HEMU) par M.Pierre AMOYAL et Mme \u00a0Yuko SHIMIZU, son \u00e9pouse avec la Camerata de Lausanne et Mme Sakuya KODA (30 mars 2011)<\/p>\n<p>&#8211; Concert de Shakuhachi par M. Go OKAWA (2011)<\/p>\n<p>&#8211; Musique japonaise avec violons et violoncelle, Mmes Anna KUME PAUL, Anne LOMBARD et Charlotte ENGEL \u00a0\u00a0(2013)<\/p>\n<p>&#8211; Concert de Shamisen par SUBUGEN (2008) (2016) (2017)<\/p>\n<p>&#8211; Les chants Japonais par O-uta-no-kai de Gen\u00e8ve chaque Hanami depuis 2005<\/p>\n<p>&#8211; Concert de Sh\u00f4my\u00f4 par Mme Junko UEDA (2017)<\/p>\n<p>&nbsp;<\/p>\n<p><strong style=\"font-size: 14px;\"><em>3. Repr\u00e9sentations de th\u00e9\u00e2tre au Rolex Learning Center de l\u2019EPFL<\/em><\/strong><\/p>\n<p>&#8211;<span style=\"text-decoration: line-through;\"> <\/span>Danse Cr\u00e9atrice \u00ab Camille Claudel \u00bb par Mme Senrei NISHIKAWA (2007)<\/p>\n<p>&#8211; Wa-league (2011) Arts sc\u00e9niques japonais<\/p>\n<p>&#8211; Ky\u00f4gen (7 d\u00e9cembre 2011) th\u00e9\u00e2tre traditionel<\/p>\n<p>&#8211; Rakugo par Me Sanyutei RYURAKU et Shamisen par Mme Umekichi HIYAMA (2012)<\/p>\n<p>&#8211; Rakugo par Ma\u00eetre HAYASHIYA et M. Cyril COPPINI (2015)<\/p>\n<p>&#8211; Butoh par M. Atsushi \u00a0TAKENOUCHI et Mme Hiroko KIMIYA (2015)<\/p>\n<p>&nbsp;<\/p>\n<p><strong style=\"font-size: 14px;\"><em>4. Cours, ateliers, stages<\/em><\/strong><\/p>\n<p>&#8211; Calligraphie par Mme MIYAKE (2005)<\/p>\n<p>&#8211; Teinture v\u00e9g\u00e9tale japonaise \u00e0 l\u2019Arboretum du vallon de l\u2019Aubonne par Mme BETTY DE PARIS, Plasticienne (2015) (2017) (2020)<\/p>\n<p>&#8211; Poterie \u00abRaku-yaki\u00bb par M. Toshiyuki TAKEUCHI (2006) (2007) (2009) (2011) (2012)<\/p>\n<p>&#8211; Calligraphie par M. Pascal KRIGER (2013)<\/p>\n<p>&#8211; Cuisine japonaise<\/p>\n<p>&#8211; M\u00e9ditation \u00ab Zazen \u00bb par M. HIRANO R\u00d4SHI (2017) Remplac\u00e9 par Mme Jocelyne DERUDDER<\/p>\n<p>&#8211; Washi par Mme Viviane FONTAINE (2018) (2019)<\/p>\n<p>&nbsp;<\/p>\n<p><strong><em>5. Expositions et visites comment\u00e9es<\/em><\/strong><\/p>\n<p>&#8211; Calligraphie par Mme Suish\u00fb Tomoko KLOPFENSTEIN (2007)<\/p>\n<p>&#8211; Mus\u00e9e suisse du jeu, \u00ab des estampes japonaises de joueurs de Go \u00bb (2010)<\/p>\n<p>&#8211; \u00ab Art du charbon de bois \u00bb par M. Kohei MATSUSHITA (2010)<\/p>\n<p>&#8211; Street Art &#8211; photos sur le \u00ab paysage \u00bb par M. Olivier CHRISTINAT (2012)<\/p>\n<p>&#8211; Fondation Baur (2011) et \u00ab Textiles bouddhiques japonais \u00bb (2014)<\/p>\n<p>&#8211; Mus\u00e9e d\u2019Ethnographie de Neuch\u00e2tel \u00ab Imagine Japan \u00bb la mission \u00a0d\u2019Aim\u00e9 Humbert &#8211; 1864\u00a0 (2015)<\/p>\n<p>&#8211; Mus\u00e9e d\u2019Ethnographie de Gen\u00e8ve \u00ab Le bouddhisme de Mme Butterfly, le japonisme bouddhique\u00bb (2015)<\/p>\n<p>&#8211; Collection de L\u2019Art Brut Lausanne. Exposition \u00ab\u00a0Japon\u00a0\u00bb (2008) et \u00ab\u00a0L\u2019art brut du Japon, un autre regard\u00a0\u00bb (2018)<\/p>\n<p>&nbsp;<\/p>\n<p><strong><em>6. D\u00e9monstrations<\/em><\/strong><\/p>\n<p>&#8211; Soba par M. Noriyuki TAKAYAMA<\/p>\n<p>&#8211; C\u00e9r\u00e9monie de Th\u00e9 (Urasenk\u00e9) par Mme Hitomi YAMADA (2005)<\/p>\n<p>&#8211; C\u00e9r\u00e9monie du Th\u00e9 (Ogasawara Sencha School) par Mme Suikyu Kumiko\u00a0\u00a0\u00a0 MUROOKA (2015)<\/p>\n<p>&#8211; Kamishibai par Mme Nathalie JENDLY, conteuse<\/p>\n<p>&#8211; Kyudo par L\u2019association Lausannoise de Kyudo (2019)<\/p>\n<p>&nbsp;<\/p>\n<p><strong><em>7. Soir\u00e9es de films Japonais<\/em><\/strong><\/p>\n<p>Au cin\u00e9ma Zinema, Lausanne<\/p>\n<p>\u00c0 La Ferme des Tilleuls, Renens<\/p>\n<p>\u00c0 la salle Michel SOUTTER, Lausanne<\/p>\n<p>&nbsp;<\/p>\n<p><strong>Membres du comit\u00e9 fondateur et v\u00e9rificateurs des comptes<\/strong><\/p>\n<p>Tchi\u00e9 MURANO \u2013 BLEULER, Hiroko LUYET, Naohiko SATA, Ren\u00e9 JACCOUD, Emile EASEV, Nicolas URECH, Naoko TANNO, Laurence BOULET (v\u00e9rificatrice des comptes)<\/p>\n<p>&nbsp;<\/p>\n<p><strong>Membres du comit\u00e9 actuel<\/strong><\/p>\n<p>Hannes BLEULER, (Pr\u00e9sident), Pierrette FROCHAUX, Nadia NIBBIO, Nima MERK, Sylvain MEIER, Anne-Lise et Raymond GUIGNARD (v\u00e9rificateurs des comptes)<\/p>\n<p>&nbsp;<\/p>\n<p><strong>Autres anciens membres du comit\u00e9<\/strong><\/p>\n<p>Nicolas URECH, Sakuya KODA, Selsa MAADI, Nicolas RUDAZ, Claude KALTENRIEDER, Naohiko SATA, Charlotte PFEIFFER, Caroline VUAGNIAUX, Petra VARILEK, Mayumi SHIOTANI-CHRISTINAT, Gertrude MONNET.<\/p>\n<p>[\/et_pb_text][\/et_pb_column][\/et_pb_row][\/et_pb_section]<\/p>\n","protected":false},"excerpt":{"rendered":"<p>Historique du Cercle Suisse-JaponCr\u00e9ation et premiers \u00e9v\u00e9nements28 septembre 2002Naoko TANNO rassemble 30 personnes \u00e9ventuellement int\u00e9ress\u00e9es \u00e0 fonder une association Suisse-Japon dans la r\u00e9gion de Lausanne. La r\u00e9union a lieu \u00e0 Grandvaux, que l\u2019empereur Shy\u00f4wa avait visit\u00e9 en 1971. 12 avril 2003La journ\u00e9e de la culture japonaise est organis\u00e9e pour sonder si les Vaudois sont int\u00e9ress\u00e9s.D\u00e9monstrations [&hellip;]<\/p>\n","protected":false},"author":4,"featured_media":0,"parent":0,"menu_order":0,"comment_status":"closed","ping_status":"closed","template":"","meta":{"_et_pb_use_builder":"on","_et_pb_old_content":"","_et_gb_content_width":"","_crdt_document":"","ngg_post_thumbnail":0,"_mc_calendar":[],"footnotes":""},"class_list":["post-1658","page","type-page","status-publish","hentry"],"yoast_head":"<!-- This site is optimized with the Yoast SEO plugin v27.6 - https:\/\/yoast.com\/product\/yoast-seo-wordpress\/ -->\n<title>Histoire du Cercle Suisse-Japon - Cercle Suisse Japon<\/title>\n<meta name=\"robots\" content=\"index, follow, max-snippet:-1, max-image-preview:large, max-video-preview:-1\" \/>\n<link rel=\"canonical\" href=\"https:\/\/www.cerclesuissejapon.ch\/wordpress\/histoire-du-cercle-suisse-japon\/\" \/>\n<meta property=\"og:locale\" content=\"fr_FR\" \/>\n<meta property=\"og:type\" content=\"article\" \/>\n<meta property=\"og:title\" content=\"Histoire du Cercle Suisse-Japon - Cercle Suisse Japon\" \/>\n<meta property=\"og:description\" content=\"Historique du Cercle Suisse-JaponCr\u00e9ation et premiers \u00e9v\u00e9nements28 septembre 2002Naoko TANNO rassemble 30 personnes \u00e9ventuellement int\u00e9ress\u00e9es \u00e0 fonder une association Suisse-Japon dans la r\u00e9gion de Lausanne. La r\u00e9union a lieu \u00e0 Grandvaux, que l\u2019empereur Shy\u00f4wa avait visit\u00e9 en 1971. 12 avril 2003La journ\u00e9e de la culture japonaise est organis\u00e9e pour sonder si les Vaudois sont int\u00e9ress\u00e9s.D\u00e9monstrations [&hellip;]\" \/>\n<meta property=\"og:url\" content=\"https:\/\/www.cerclesuissejapon.ch\/wordpress\/histoire-du-cercle-suisse-japon\/\" \/>\n<meta property=\"og:site_name\" content=\"Cercle Suisse Japon\" \/>\n<meta property=\"article:publisher\" content=\"https:\/\/www.facebook.com\/CercleSuisseJaponCSJ\/\" \/>\n<meta property=\"article:modified_time\" content=\"2022-08-01T15:09:41+00:00\" \/>\n<meta name=\"twitter:card\" content=\"summary_large_image\" \/>\n<script type=\"application\/ld+json\" class=\"yoast-schema-graph\">{\"@context\":\"https:\\\/\\\/schema.org\",\"@graph\":[{\"@type\":\"WebPage\",\"@id\":\"https:\\\/\\\/www.cerclesuissejapon.ch\\\/wordpress\\\/histoire-du-cercle-suisse-japon\\\/\",\"url\":\"https:\\\/\\\/www.cerclesuissejapon.ch\\\/wordpress\\\/histoire-du-cercle-suisse-japon\\\/\",\"name\":\"Histoire du Cercle Suisse-Japon - Cercle Suisse Japon\",\"isPartOf\":{\"@id\":\"https:\\\/\\\/www.cerclesuissejapon.ch\\\/wordpress\\\/#website\"},\"datePublished\":\"2022-08-01T15:06:31+00:00\",\"dateModified\":\"2022-08-01T15:09:41+00:00\",\"breadcrumb\":{\"@id\":\"https:\\\/\\\/www.cerclesuissejapon.ch\\\/wordpress\\\/histoire-du-cercle-suisse-japon\\\/#breadcrumb\"},\"inLanguage\":\"fr-FR\",\"potentialAction\":[{\"@type\":\"ReadAction\",\"target\":[\"https:\\\/\\\/www.cerclesuissejapon.ch\\\/wordpress\\\/histoire-du-cercle-suisse-japon\\\/\"]}]},{\"@type\":\"BreadcrumbList\",\"@id\":\"https:\\\/\\\/www.cerclesuissejapon.ch\\\/wordpress\\\/histoire-du-cercle-suisse-japon\\\/#breadcrumb\",\"itemListElement\":[{\"@type\":\"ListItem\",\"position\":1,\"name\":\"Accueil\",\"item\":\"https:\\\/\\\/www.cerclesuissejapon.ch\\\/wordpress\\\/\"},{\"@type\":\"ListItem\",\"position\":2,\"name\":\"Histoire du Cercle Suisse-Japon\"}]},{\"@type\":\"WebSite\",\"@id\":\"https:\\\/\\\/www.cerclesuissejapon.ch\\\/wordpress\\\/#website\",\"url\":\"https:\\\/\\\/www.cerclesuissejapon.ch\\\/wordpress\\\/\",\"name\":\"Cercle Suisse Japon\",\"description\":\"Actualit\u00e9s du Cercle Suisse Japon en Suisse romande\",\"publisher\":{\"@id\":\"https:\\\/\\\/www.cerclesuissejapon.ch\\\/wordpress\\\/#organization\"},\"potentialAction\":[{\"@type\":\"SearchAction\",\"target\":{\"@type\":\"EntryPoint\",\"urlTemplate\":\"https:\\\/\\\/www.cerclesuissejapon.ch\\\/wordpress\\\/?s={search_term_string}\"},\"query-input\":{\"@type\":\"PropertyValueSpecification\",\"valueRequired\":true,\"valueName\":\"search_term_string\"}}],\"inLanguage\":\"fr-FR\"},{\"@type\":\"Organization\",\"@id\":\"https:\\\/\\\/www.cerclesuissejapon.ch\\\/wordpress\\\/#organization\",\"name\":\"Cercle Suisse-Japon\",\"url\":\"https:\\\/\\\/www.cerclesuissejapon.ch\\\/wordpress\\\/\",\"logo\":{\"@type\":\"ImageObject\",\"inLanguage\":\"fr-FR\",\"@id\":\"https:\\\/\\\/www.cerclesuissejapon.ch\\\/wordpress\\\/#\\\/schema\\\/logo\\\/image\\\/\",\"url\":\"https:\\\/\\\/i0.wp.com\\\/www.cerclesuissejapon.ch\\\/wordpress\\\/wp-content\\\/uploads\\\/2022\\\/02\\\/CSJ-logo-horizontal-hd.png?fit=1920%2C437&ssl=1\",\"contentUrl\":\"https:\\\/\\\/i0.wp.com\\\/www.cerclesuissejapon.ch\\\/wordpress\\\/wp-content\\\/uploads\\\/2022\\\/02\\\/CSJ-logo-horizontal-hd.png?fit=1920%2C437&ssl=1\",\"width\":1920,\"height\":437,\"caption\":\"Cercle Suisse-Japon\"},\"image\":{\"@id\":\"https:\\\/\\\/www.cerclesuissejapon.ch\\\/wordpress\\\/#\\\/schema\\\/logo\\\/image\\\/\"},\"sameAs\":[\"https:\\\/\\\/www.facebook.com\\\/CercleSuisseJaponCSJ\\\/\"]}]}<\/script>\n<!-- \/ Yoast SEO plugin. -->","yoast_head_json":{"title":"Histoire du Cercle Suisse-Japon - Cercle Suisse Japon","robots":{"index":"index","follow":"follow","max-snippet":"max-snippet:-1","max-image-preview":"max-image-preview:large","max-video-preview":"max-video-preview:-1"},"canonical":"https:\/\/www.cerclesuissejapon.ch\/wordpress\/histoire-du-cercle-suisse-japon\/","og_locale":"fr_FR","og_type":"article","og_title":"Histoire du Cercle Suisse-Japon - Cercle Suisse Japon","og_description":"Historique du Cercle Suisse-JaponCr\u00e9ation et premiers \u00e9v\u00e9nements28 septembre 2002Naoko TANNO rassemble 30 personnes \u00e9ventuellement int\u00e9ress\u00e9es \u00e0 fonder une association Suisse-Japon dans la r\u00e9gion de Lausanne. La r\u00e9union a lieu \u00e0 Grandvaux, que l\u2019empereur Shy\u00f4wa avait visit\u00e9 en 1971. 12 avril 2003La journ\u00e9e de la culture japonaise est organis\u00e9e pour sonder si les Vaudois sont int\u00e9ress\u00e9s.D\u00e9monstrations [&hellip;]","og_url":"https:\/\/www.cerclesuissejapon.ch\/wordpress\/histoire-du-cercle-suisse-japon\/","og_site_name":"Cercle Suisse Japon","article_publisher":"https:\/\/www.facebook.com\/CercleSuisseJaponCSJ\/","article_modified_time":"2022-08-01T15:09:41+00:00","twitter_card":"summary_large_image","schema":{"@context":"https:\/\/schema.org","@graph":[{"@type":"WebPage","@id":"https:\/\/www.cerclesuissejapon.ch\/wordpress\/histoire-du-cercle-suisse-japon\/","url":"https:\/\/www.cerclesuissejapon.ch\/wordpress\/histoire-du-cercle-suisse-japon\/","name":"Histoire du Cercle Suisse-Japon - Cercle Suisse Japon","isPartOf":{"@id":"https:\/\/www.cerclesuissejapon.ch\/wordpress\/#website"},"datePublished":"2022-08-01T15:06:31+00:00","dateModified":"2022-08-01T15:09:41+00:00","breadcrumb":{"@id":"https:\/\/www.cerclesuissejapon.ch\/wordpress\/histoire-du-cercle-suisse-japon\/#breadcrumb"},"inLanguage":"fr-FR","potentialAction":[{"@type":"ReadAction","target":["https:\/\/www.cerclesuissejapon.ch\/wordpress\/histoire-du-cercle-suisse-japon\/"]}]},{"@type":"BreadcrumbList","@id":"https:\/\/www.cerclesuissejapon.ch\/wordpress\/histoire-du-cercle-suisse-japon\/#breadcrumb","itemListElement":[{"@type":"ListItem","position":1,"name":"Accueil","item":"https:\/\/www.cerclesuissejapon.ch\/wordpress\/"},{"@type":"ListItem","position":2,"name":"Histoire du Cercle Suisse-Japon"}]},{"@type":"WebSite","@id":"https:\/\/www.cerclesuissejapon.ch\/wordpress\/#website","url":"https:\/\/www.cerclesuissejapon.ch\/wordpress\/","name":"Cercle Suisse Japon","description":"Actualit\u00e9s du Cercle Suisse Japon en Suisse romande","publisher":{"@id":"https:\/\/www.cerclesuissejapon.ch\/wordpress\/#organization"},"potentialAction":[{"@type":"SearchAction","target":{"@type":"EntryPoint","urlTemplate":"https:\/\/www.cerclesuissejapon.ch\/wordpress\/?s={search_term_string}"},"query-input":{"@type":"PropertyValueSpecification","valueRequired":true,"valueName":"search_term_string"}}],"inLanguage":"fr-FR"},{"@type":"Organization","@id":"https:\/\/www.cerclesuissejapon.ch\/wordpress\/#organization","name":"Cercle Suisse-Japon","url":"https:\/\/www.cerclesuissejapon.ch\/wordpress\/","logo":{"@type":"ImageObject","inLanguage":"fr-FR","@id":"https:\/\/www.cerclesuissejapon.ch\/wordpress\/#\/schema\/logo\/image\/","url":"https:\/\/i0.wp.com\/www.cerclesuissejapon.ch\/wordpress\/wp-content\/uploads\/2022\/02\/CSJ-logo-horizontal-hd.png?fit=1920%2C437&ssl=1","contentUrl":"https:\/\/i0.wp.com\/www.cerclesuissejapon.ch\/wordpress\/wp-content\/uploads\/2022\/02\/CSJ-logo-horizontal-hd.png?fit=1920%2C437&ssl=1","width":1920,"height":437,"caption":"Cercle Suisse-Japon"},"image":{"@id":"https:\/\/www.cerclesuissejapon.ch\/wordpress\/#\/schema\/logo\/image\/"},"sameAs":["https:\/\/www.facebook.com\/CercleSuisseJaponCSJ\/"]}]}},"jetpack_sharing_enabled":true,"_links":{"self":[{"href":"https:\/\/www.cerclesuissejapon.ch\/wordpress\/wp-json\/wp\/v2\/pages\/1658","targetHints":{"allow":["GET"]}}],"collection":[{"href":"https:\/\/www.cerclesuissejapon.ch\/wordpress\/wp-json\/wp\/v2\/pages"}],"about":[{"href":"https:\/\/www.cerclesuissejapon.ch\/wordpress\/wp-json\/wp\/v2\/types\/page"}],"author":[{"embeddable":true,"href":"https:\/\/www.cerclesuissejapon.ch\/wordpress\/wp-json\/wp\/v2\/users\/4"}],"replies":[{"embeddable":true,"href":"https:\/\/www.cerclesuissejapon.ch\/wordpress\/wp-json\/wp\/v2\/comments?post=1658"}],"version-history":[{"count":7,"href":"https:\/\/www.cerclesuissejapon.ch\/wordpress\/wp-json\/wp\/v2\/pages\/1658\/revisions"}],"predecessor-version":[{"id":1669,"href":"https:\/\/www.cerclesuissejapon.ch\/wordpress\/wp-json\/wp\/v2\/pages\/1658\/revisions\/1669"}],"wp:attachment":[{"href":"https:\/\/www.cerclesuissejapon.ch\/wordpress\/wp-json\/wp\/v2\/media?parent=1658"}],"curies":[{"name":"wp","href":"https:\/\/api.w.org\/{rel}","templated":true}]}}