{"id":171,"date":"2012-09-24T18:08:21","date_gmt":"2012-09-24T18:08:21","guid":{"rendered":"http:\/\/www.cerclesuissejapon.ch\/wordpress\/?page_id=171"},"modified":"2023-12-20T10:19:17","modified_gmt":"2023-12-20T09:19:17","slug":"acces-membres","status":"publish","type":"page","link":"https:\/\/www.cerclesuissejapon.ch\/wordpress\/acces-membres\/","title":{"rendered":"Acc\u00e8s membres"},"content":{"rendered":"","protected":true},"excerpt":{"rendered":"","protected":true},"author":1,"featured_media":0,"parent":0,"menu_order":6,"comment_status":"closed","ping_status":"open","template":"","meta":{"_et_pb_use_builder":"on","_et_pb_old_content":"Chers membres,\n\nVous trouverez dans cette zone d\u00e9di\u00e9e aux membres des informations compl\u00e9mentaires sur le Cercle Suisse Japon comme la liste des membres actuels, les PV des pr\u00e9c\u00e9dentes assembl\u00e9es g\u00e9n\u00e9rales ou des photos de nos activit\u00e9s pass\u00e9es.\n\n<a href=\"http:\/\/www.cerclesuissejapon.ch\/wordpress\/wp-content\/uploads\/2018\/07\/Statuts_27.10.2003.pdf\">Statuts du Cercle Suisse Japon<\/a>\n\n<span style=\"color: #800000;\"><strong>Assembl\u00e9e G\u00e9n\u00e9rale :<\/strong><\/span>\n\n<a href=\"http:\/\/www.cerclesuissejapon.ch\/wordpress\/wp-content\/uploads\/2012\/09\/PV-AG-2011.doc\">PV-AG 2011<\/a>\n\n<a href=\"http:\/\/www.cerclesuissejapon.ch\/wordpress\/wp-content\/uploads\/2012\/09\/Proc\u00e8s-verbal-AG-12.06.12.pdf\">Proc\u00e8s verbal AG 12.06.12<\/a>\n\n<a href=\"http:\/\/www.cerclesuissejapon.ch\/wordpress\/wp-content\/uploads\/2013\/07\/Proc\u00e8s-verbal-AG-04.06.2013.pdf\">Proc\u00e8s verbal AG 04.06.2013<\/a>\n\n<a href=\"http:\/\/www.cerclesuissejapon.ch\/wordpress\/wp-content\/uploads\/2012\/09\/Proce\u0300s-verbal-de-lAG-2014.pdf\" rel=\"\">Proce\u0300s-verbal de l'AG 2014<\/a>\n\n<a href=\"http:\/\/www.cerclesuissejapon.ch\/wordpress\/wp-content\/uploads\/2016\/05\/Proce\u0300s-verbal-de-lAG-2015.pdf\" rel=\"\">Proce\u0300s-verbal de l'AG 2015<\/a>\n\n<a href=\"http:\/\/www.cerclesuissejapon.ch\/wordpress\/wp-content\/uploads\/2018\/06\/CSJ_PV_AG2016_Version2.pdf\">Proc\u00e8s verbal de l'AG 2016<\/a>\n\n<a href=\"http:\/\/www.cerclesuissejapon.ch\/wordpress\/wp-content\/uploads\/2018\/06\/CSJ_PV_AG_2017.pdf\">Proc\u00e8s verbal de l'AG 2017<\/a>\n\n<a href=\"http:\/\/www.cerclesuissejapon.ch\/wordpress\/wp-content\/uploads\/2018\/07\/CSJ_PV_AG_2018.pdf\">Proc\u00e8s verbal de l'AG 2018<\/a>\n\n<span style=\"color: #800000;\"><strong>Galeries photos :<\/strong><\/span>\n\nKimono show\n\n<img class=\"ngg_displayed_gallery mceItem\" src=\"http:\/\/www.cerclesuissejapon.ch\/wordpress\/index.php\/nextgen-attach_to_post\/preview\/id--722\" alt=\"\">\n\nInauguration de la for\u00eat japonaise \u00e0 l'Arboretum d'Aubone\n\n<img class=\"ngg_displayed_gallery mceItem\" src=\"http:\/\/www.cerclesuissejapon.ch\/wordpress\/index.php\/nextgen-attach_to_post\/preview\/id--516\" alt=\"\">\n\nHanami 2014\n\n[gallery ids=\"418,419,420,421,422\"]\n\nAtelier de calligraphie avec M. Pascal Krieger\n\n<img class=\"ngg_displayed_gallery mceItem\" src=\"http:\/\/www.cerclesuissejapon.ch\/wordpress\/index.php\/nextgen-attach_to_post\/preview\/id--381\" alt=\"\">\n\nHanami 2013\n\n[nggallery id=7]\n\n<span style=\"color: #800000;\"><strong>Liste des membres :<\/strong><\/span>\n\n[table id=5 \/]","_et_gb_content_width":"1080","_crdt_document":"","ngg_post_thumbnail":0,"_mc_calendar":[],"footnotes":""},"class_list":["post-171","page","type-page","status-publish","post-password-required","hentry"],"yoast_head":"<!-- This site is optimized with the Yoast SEO plugin v27.6 - https:\/\/yoast.com\/product\/yoast-seo-wordpress\/ -->\n<title>Acc\u00e8s membres - Cercle Suisse Japon<\/title>\n<meta name=\"robots\" content=\"index, follow, max-snippet:-1, max-image-preview:large, max-video-preview:-1\" \/>\n<link rel=\"canonical\" href=\"https:\/\/www.cerclesuissejapon.ch\/wordpress\/acces-membres\/\" \/>\n<meta property=\"og:locale\" content=\"fr_FR\" \/>\n<meta property=\"og:type\" content=\"article\" \/>\n<meta property=\"og:title\" content=\"Acc\u00e8s membres - Cercle Suisse Japon\" \/>\n<meta property=\"og:description\" content=\"Il n\u2019y a pas d\u2019extrait, car cette publication est prot\u00e9g\u00e9e.\" \/>\n<meta property=\"og:url\" content=\"https:\/\/www.cerclesuissejapon.ch\/wordpress\/acces-membres\/\" \/>\n<meta property=\"og:site_name\" content=\"Cercle Suisse Japon\" \/>\n<meta property=\"article:publisher\" content=\"https:\/\/www.facebook.com\/CercleSuisseJaponCSJ\/\" \/>\n<meta property=\"article:modified_time\" content=\"2023-12-20T09:19:17+00:00\" \/>\n<meta name=\"twitter:card\" content=\"summary_large_image\" \/>\n<meta name=\"twitter:label1\" content=\"Dur\u00e9e de lecture estim\u00e9e\" \/>\n\t<meta name=\"twitter:data1\" content=\"1 minute\" \/>\n<script type=\"application\/ld+json\" class=\"yoast-schema-graph\">{\"@context\":\"https:\\\/\\\/schema.org\",\"@graph\":[{\"@type\":\"WebPage\",\"@id\":\"https:\\\/\\\/www.cerclesuissejapon.ch\\\/wordpress\\\/acces-membres\\\/\",\"url\":\"https:\\\/\\\/www.cerclesuissejapon.ch\\\/wordpress\\\/acces-membres\\\/\",\"name\":\"Acc\u00e8s membres - Cercle Suisse Japon\",\"isPartOf\":{\"@id\":\"https:\\\/\\\/www.cerclesuissejapon.ch\\\/wordpress\\\/#website\"},\"datePublished\":\"2012-09-24T18:08:21+00:00\",\"dateModified\":\"2023-12-20T09:19:17+00:00\",\"breadcrumb\":{\"@id\":\"https:\\\/\\\/www.cerclesuissejapon.ch\\\/wordpress\\\/acces-membres\\\/#breadcrumb\"},\"inLanguage\":\"fr-FR\"},{\"@type\":\"WebSite\",\"@id\":\"https:\\\/\\\/www.cerclesuissejapon.ch\\\/wordpress\\\/#website\",\"url\":\"https:\\\/\\\/www.cerclesuissejapon.ch\\\/wordpress\\\/\",\"name\":\"Cercle Suisse Japon\",\"description\":\"Actualit\u00e9s du Cercle Suisse Japon en Suisse romande\",\"publisher\":{\"@id\":\"https:\\\/\\\/www.cerclesuissejapon.ch\\\/wordpress\\\/#organization\"},\"potentialAction\":[{\"@type\":\"SearchAction\",\"target\":{\"@type\":\"EntryPoint\",\"urlTemplate\":\"https:\\\/\\\/www.cerclesuissejapon.ch\\\/wordpress\\\/?s={search_term_string}\"},\"query-input\":{\"@type\":\"PropertyValueSpecification\",\"valueRequired\":true,\"valueName\":\"search_term_string\"}}],\"inLanguage\":\"fr-FR\"},{\"@type\":\"Organization\",\"@id\":\"https:\\\/\\\/www.cerclesuissejapon.ch\\\/wordpress\\\/#organization\",\"name\":\"Cercle Suisse-Japon\",\"url\":\"https:\\\/\\\/www.cerclesuissejapon.ch\\\/wordpress\\\/\",\"logo\":{\"@type\":\"ImageObject\",\"inLanguage\":\"fr-FR\",\"@id\":\"https:\\\/\\\/www.cerclesuissejapon.ch\\\/wordpress\\\/#\\\/schema\\\/logo\\\/image\\\/\",\"url\":\"https:\\\/\\\/i0.wp.com\\\/www.cerclesuissejapon.ch\\\/wordpress\\\/wp-content\\\/uploads\\\/2022\\\/02\\\/CSJ-logo-horizontal-hd.png?fit=1920%2C437&ssl=1\",\"contentUrl\":\"https:\\\/\\\/i0.wp.com\\\/www.cerclesuissejapon.ch\\\/wordpress\\\/wp-content\\\/uploads\\\/2022\\\/02\\\/CSJ-logo-horizontal-hd.png?fit=1920%2C437&ssl=1\",\"width\":1920,\"height\":437,\"caption\":\"Cercle Suisse-Japon\"},\"image\":{\"@id\":\"https:\\\/\\\/www.cerclesuissejapon.ch\\\/wordpress\\\/#\\\/schema\\\/logo\\\/image\\\/\"},\"sameAs\":[\"https:\\\/\\\/www.facebook.com\\\/CercleSuisseJaponCSJ\\\/\"]}]}<\/script>\n<!-- \/ Yoast SEO plugin. -->","yoast_head_json":{"title":"Acc\u00e8s membres - Cercle Suisse Japon","robots":{"index":"index","follow":"follow","max-snippet":"max-snippet:-1","max-image-preview":"max-image-preview:large","max-video-preview":"max-video-preview:-1"},"canonical":"https:\/\/www.cerclesuissejapon.ch\/wordpress\/acces-membres\/","og_locale":"fr_FR","og_type":"article","og_title":"Acc\u00e8s membres - Cercle Suisse Japon","og_description":"Il n\u2019y a pas d\u2019extrait, car cette publication est prot\u00e9g\u00e9e.","og_url":"https:\/\/www.cerclesuissejapon.ch\/wordpress\/acces-membres\/","og_site_name":"Cercle Suisse Japon","article_publisher":"https:\/\/www.facebook.com\/CercleSuisseJaponCSJ\/","article_modified_time":"2023-12-20T09:19:17+00:00","twitter_card":"summary_large_image","twitter_misc":{"Dur\u00e9e de lecture estim\u00e9e":"1 minute"},"schema":{"@context":"https:\/\/schema.org","@graph":[{"@type":"WebPage","@id":"https:\/\/www.cerclesuissejapon.ch\/wordpress\/acces-membres\/","url":"https:\/\/www.cerclesuissejapon.ch\/wordpress\/acces-membres\/","name":"Acc\u00e8s membres - Cercle Suisse Japon","isPartOf":{"@id":"https:\/\/www.cerclesuissejapon.ch\/wordpress\/#website"},"datePublished":"2012-09-24T18:08:21+00:00","dateModified":"2023-12-20T09:19:17+00:00","breadcrumb":{"@id":"https:\/\/www.cerclesuissejapon.ch\/wordpress\/acces-membres\/#breadcrumb"},"inLanguage":"fr-FR"},{"@type":"WebSite","@id":"https:\/\/www.cerclesuissejapon.ch\/wordpress\/#website","url":"https:\/\/www.cerclesuissejapon.ch\/wordpress\/","name":"Cercle Suisse Japon","description":"Actualit\u00e9s du Cercle Suisse Japon en Suisse romande","publisher":{"@id":"https:\/\/www.cerclesuissejapon.ch\/wordpress\/#organization"},"potentialAction":[{"@type":"SearchAction","target":{"@type":"EntryPoint","urlTemplate":"https:\/\/www.cerclesuissejapon.ch\/wordpress\/?s={search_term_string}"},"query-input":{"@type":"PropertyValueSpecification","valueRequired":true,"valueName":"search_term_string"}}],"inLanguage":"fr-FR"},{"@type":"Organization","@id":"https:\/\/www.cerclesuissejapon.ch\/wordpress\/#organization","name":"Cercle Suisse-Japon","url":"https:\/\/www.cerclesuissejapon.ch\/wordpress\/","logo":{"@type":"ImageObject","inLanguage":"fr-FR","@id":"https:\/\/www.cerclesuissejapon.ch\/wordpress\/#\/schema\/logo\/image\/","url":"https:\/\/i0.wp.com\/www.cerclesuissejapon.ch\/wordpress\/wp-content\/uploads\/2022\/02\/CSJ-logo-horizontal-hd.png?fit=1920%2C437&ssl=1","contentUrl":"https:\/\/i0.wp.com\/www.cerclesuissejapon.ch\/wordpress\/wp-content\/uploads\/2022\/02\/CSJ-logo-horizontal-hd.png?fit=1920%2C437&ssl=1","width":1920,"height":437,"caption":"Cercle Suisse-Japon"},"image":{"@id":"https:\/\/www.cerclesuissejapon.ch\/wordpress\/#\/schema\/logo\/image\/"},"sameAs":["https:\/\/www.facebook.com\/CercleSuisseJaponCSJ\/"]}]}},"jetpack_sharing_enabled":true,"_links":{"self":[{"href":"https:\/\/www.cerclesuissejapon.ch\/wordpress\/wp-json\/wp\/v2\/pages\/171","targetHints":{"allow":["GET"]}}],"collection":[{"href":"https:\/\/www.cerclesuissejapon.ch\/wordpress\/wp-json\/wp\/v2\/pages"}],"about":[{"href":"https:\/\/www.cerclesuissejapon.ch\/wordpress\/wp-json\/wp\/v2\/types\/page"}],"author":[{"embeddable":true,"href":"https:\/\/www.cerclesuissejapon.ch\/wordpress\/wp-json\/wp\/v2\/users\/1"}],"replies":[{"embeddable":true,"href":"https:\/\/www.cerclesuissejapon.ch\/wordpress\/wp-json\/wp\/v2\/comments?post=171"}],"version-history":[{"count":27,"href":"https:\/\/www.cerclesuissejapon.ch\/wordpress\/wp-json\/wp\/v2\/pages\/171\/revisions"}],"predecessor-version":[{"id":1942,"href":"https:\/\/www.cerclesuissejapon.ch\/wordpress\/wp-json\/wp\/v2\/pages\/171\/revisions\/1942"}],"wp:attachment":[{"href":"https:\/\/www.cerclesuissejapon.ch\/wordpress\/wp-json\/wp\/v2\/media?parent=171"}],"curies":[{"name":"wp","href":"https:\/\/api.w.org\/{rel}","templated":true}]}}