{"id":5,"date":"2012-01-02T17:29:37","date_gmt":"2012-01-02T17:29:37","guid":{"rendered":"http:\/\/www.cerclesuissejapon.ch\/?page_id=5"},"modified":"2024-08-08T14:48:43","modified_gmt":"2024-08-08T13:48:43","slug":"qui-sommes-nous","status":"publish","type":"page","link":"https:\/\/www.cerclesuissejapon.ch\/wordpress\/qui-sommes-nous\/","title":{"rendered":"Qui sommes-nous ?"},"content":{"rendered":"<p>[et_pb_section fb_built=\u00a0\u00bb1&Prime; _builder_version=\u00a0\u00bb3.22&Prime; global_colors_info=\u00a0\u00bb{}\u00a0\u00bb][et_pb_row _builder_version=\u00a0\u00bb4.14.7&Prime; background_size=\u00a0\u00bbinitial\u00a0\u00bb background_position=\u00a0\u00bbtop_left\u00a0\u00bb background_repeat=\u00a0\u00bbrepeat\u00a0\u00bb global_colors_info=\u00a0\u00bb{}\u00a0\u00bb][et_pb_column type=\u00a0\u00bb4_4&Prime; _builder_version=\u00a0\u00bb3.25&Prime; custom_padding=\u00a0\u00bb|||\u00a0\u00bb global_colors_info=\u00a0\u00bb{}\u00a0\u00bb custom_padding__hover=\u00a0\u00bb|||\u00a0\u00bb][et_pb_text _builder_version=\u00a0\u00bb4.14.7&Prime; text_font_size=\u00a0\u00bb17px\u00a0\u00bb header_line_height=\u00a0\u00bb2.5em\u00a0\u00bb background_size=\u00a0\u00bbinitial\u00a0\u00bb background_position=\u00a0\u00bbtop_left\u00a0\u00bb background_repeat=\u00a0\u00bbrepeat\u00a0\u00bb global_colors_info=\u00a0\u00bb{}\u00a0\u00bb]<\/p>\n<h1>Qui sommes nous ?<\/h1>\n<p><!-- divi:paragraph -->Le Cercle Suisse-Japon est une association dans la r\u00e9gion lausannoise qui a pour but de favoriser les contacts entre la Suisse et le Japon et d\u2019encourager les relations personnelles entre les ressortissants de ces deux pays.<\/p>\n<p><!-- divi:paragraph --><strong>Ses activit\u00e9s<\/strong>: organiser des manifestations et des rencontres, notamment \u00e0 buts culturels (musique, films, conf\u00e9rences, gastronomie, calligraphie, arts martiaux, etc.)<\/p>\n<p>Vous trouverez notre histoire dans le document suivant.<\/p>\n<p><!-- \/divi:paragraph --><!-- divi:paragraph -->Si vous \u00eates int\u00e9ress\u00e9 \u00e0\u00a0<strong>devenir membre<\/strong>\u00a0merci de remplir le\u00a0<a href=\"https:\/\/www.cerclesuissejapon.ch\/wordpress\/?page_id=18\">formulaire d\u2019inscription<\/a>.\u00a0<\/p>\n<p><!-- \/divi:list --><\/p>\n<p>[\/et_pb_text][\/et_pb_column][\/et_pb_row][et_pb_row _builder_version=\u00a0\u00bb4.14.7&Prime; background_size=\u00a0\u00bbinitial\u00a0\u00bb background_position=\u00a0\u00bbtop_left\u00a0\u00bb background_repeat=\u00a0\u00bbrepeat\u00a0\u00bb custom_padding=\u00a0\u00bb0px||0px||false|false\u00a0\u00bb global_colors_info=\u00a0\u00bb{}\u00a0\u00bb][et_pb_column type=\u00a0\u00bb4_4&Prime; _builder_version=\u00a0\u00bb3.25&Prime; custom_padding=\u00a0\u00bb|||\u00a0\u00bb global_colors_info=\u00a0\u00bb{}\u00a0\u00bb custom_padding__hover=\u00a0\u00bb|||\u00a0\u00bb][et_pb_text _builder_version=\u00a0\u00bb4.14.7&Prime; text_font_size=\u00a0\u00bb17px\u00a0\u00bb text_line_height=\u00a0\u00bb2.1em\u00a0\u00bb header_2_line_height=\u00a0\u00bb2em\u00a0\u00bb background_size=\u00a0\u00bbinitial\u00a0\u00bb background_position=\u00a0\u00bbtop_left\u00a0\u00bb background_repeat=\u00a0\u00bbrepeat\u00a0\u00bb global_colors_info=\u00a0\u00bb{}\u00a0\u00bb]<\/p>\n<h2>Le <strong>Comit\u00e9 du Cercle Suisse Japon<\/strong> est constitu\u00e9 ainsi :<\/h2>\n<p><!-- \/divi:list --><\/p>\n<p><strong><\/strong> <!-- No make same space after WEBMASTERS than the others titles --><\/p>\n<p>[\/et_pb_text][\/et_pb_column][\/et_pb_row][et_pb_row column_structure=\u00a0\u00bb1_4,3_4&Prime; _builder_version=\u00a0\u00bb4.14.7&Prime; background_size=\u00a0\u00bbinitial\u00a0\u00bb background_position=\u00a0\u00bbtop_left\u00a0\u00bb background_repeat=\u00a0\u00bbrepeat\u00a0\u00bb custom_padding=\u00a0\u00bb||||true|false\u00a0\u00bb global_colors_info=\u00a0\u00bb{}\u00a0\u00bb][et_pb_column type=\u00a0\u00bb1_4&Prime; _builder_version=\u00a0\u00bb3.25&Prime; custom_padding=\u00a0\u00bb|||\u00a0\u00bb global_colors_info=\u00a0\u00bb{}\u00a0\u00bb custom_padding__hover=\u00a0\u00bb|||\u00a0\u00bb][et_pb_text _builder_version=\u00a0\u00bb4.14.7&Prime; _module_preset=\u00a0\u00bbdefault\u00a0\u00bb global_colors_info=\u00a0\u00bb{}\u00a0\u00bb]<\/p>\n<h3 style=\"text-align: left;\"><span style=\"color: #808080;\"><strong>PR\u00c9SIDENT<\/strong><\/span><\/h3>\n<div id=\"gtx-trans\" style=\"position: absolute; left: 47px; top: -9px;\">\n<div class=\"gtx-trans-icon\"><\/div>\n<\/div>\n<p>[\/et_pb_text][\/et_pb_column][et_pb_column type=\u00a0\u00bb3_4&Prime; _builder_version=\u00a0\u00bb3.25&Prime; custom_padding=\u00a0\u00bb|||\u00a0\u00bb global_colors_info=\u00a0\u00bb{}\u00a0\u00bb custom_padding__hover=\u00a0\u00bb|||\u00a0\u00bb][et_pb_text _builder_version=\u00a0\u00bb4.14.7&Prime; _module_preset=\u00a0\u00bbdefault\u00a0\u00bb global_colors_info=\u00a0\u00bb{}\u00a0\u00bb]<\/p>\n<p>M. Hannes BLEULER<br \/><a href=\"mailto:bleuler@cerclesuissejapon.ch\">bleuler(at)cerclesuissejapon.ch<\/a><a href=\"mailto:'bleuler@cerclesuissejapon.ch'\"><\/a><\/p>\n<p>[\/et_pb_text][\/et_pb_column][\/et_pb_row][et_pb_row column_structure=\u00a0\u00bb1_4,3_4&Prime; _builder_version=\u00a0\u00bb4.14.7&Prime; background_size=\u00a0\u00bbinitial\u00a0\u00bb background_position=\u00a0\u00bbtop_left\u00a0\u00bb background_repeat=\u00a0\u00bbrepeat\u00a0\u00bb global_colors_info=\u00a0\u00bb{}\u00a0\u00bb][et_pb_column type=\u00a0\u00bb1_4&Prime; _builder_version=\u00a0\u00bb3.25&Prime; custom_padding=\u00a0\u00bb|||\u00a0\u00bb global_colors_info=\u00a0\u00bb{}\u00a0\u00bb custom_padding__hover=\u00a0\u00bb|||\u00a0\u00bb][et_pb_text _builder_version=\u00a0\u00bb4.14.7&Prime; _module_preset=\u00a0\u00bbdefault\u00a0\u00bb global_colors_info=\u00a0\u00bb{}\u00a0\u00bb]<\/p>\n<h3 style=\"text-align: left;\"><span style=\"color: #808080;\"><strong>MEMBRES DU COMIT\u00c9<\/strong><\/span><\/h3>\n<div id=\"gtx-trans\" style=\"position: absolute; left: 47px; top: -9px;\">\n<div class=\"gtx-trans-icon\"><\/div>\n<\/div>\n<p>[\/et_pb_text][\/et_pb_column][et_pb_column type=\u00a0\u00bb3_4&Prime; _builder_version=\u00a0\u00bb3.25&Prime; custom_padding=\u00a0\u00bb|||\u00a0\u00bb global_colors_info=\u00a0\u00bb{}\u00a0\u00bb custom_padding__hover=\u00a0\u00bb|||\u00a0\u00bb][et_pb_text _builder_version=\u00a0\u00bb4.14.7&Prime; _module_preset=\u00a0\u00bbdefault\u00a0\u00bb hover_enabled=\u00a0\u00bb0&Prime; global_colors_info=\u00a0\u00bb{}\u00a0\u00bb sticky_enabled=\u00a0\u00bb0&Prime;]<\/p>\n<p>Mme. Isabelle DAULTE<br \/><a href=\"mailto:daulte@cerclesuissejapon.ch\">daulte(at)cerclesuissejapon.ch<\/a><\/p>\n<p>M. Sylvain MEIER<br \/><a href=\"mailto:meier@cerclesuissejapon.ch\">meier(at)cerclesuissejapon.ch<\/a><\/p>\n<p>Mme. Tchi\u00e9 MURANO<br \/><a href=\"mailto:murano.bleuler@cerclesuissejapon.ch\">murano.bleuler(at)cerclesuissejapon.ch<\/a><\/p>\n<p>Mme. Nadia NIBBIO<br \/><a href=\"mailto:nibbio@cerclesuissejapon.ch\">nibbio(at)cerclesuissejapon.ch<\/a><\/p>\n<p>M. Antoine ULDRY (Webmaster)<br \/><a href=\"mailto:uldry@cerclesuissejapon.ch\">uldry(at)cerclesuissejapon.ch<\/a><\/p>\n<p>Mme. M\u00e9gane CHEVALIER (Communication Digitale)<br \/><a href=\"mailto:megane.chevalier@cerclesuissejapon.ch\">megane.chevalier(at)cerclesuissejapon.ch<\/a><\/p>\n<p>[\/et_pb_text][\/et_pb_column][\/et_pb_row][\/et_pb_section]<\/p>\n","protected":false},"excerpt":{"rendered":"<p>Qui sommes nous ? Le Cercle Suisse-Japon est une association dans la r\u00e9gion lausannoise qui a pour but de favoriser les contacts entre la Suisse et le Japon et d\u2019encourager les relations personnelles entre les ressortissants de ces deux pays. Ses activit\u00e9s: organiser des manifestations et des rencontres, notamment \u00e0 buts culturels (musique, films, conf\u00e9rences, [&hellip;]<\/p>\n","protected":false},"author":1,"featured_media":0,"parent":0,"menu_order":1,"comment_status":"closed","ping_status":"closed","template":"","meta":{"_et_pb_use_builder":"on","_et_pb_old_content":"<!-- wp:paragraph -->\n<p>Le Cercle Suisse-Japon est une association dans la r\u00e9gion lausannoise qui a pour but de favoriser les contacts entre la Suisse et le Japon et d\u2019encourager les relations personnelles entre les ressortissants de ces deux pays.<\/p>\n<!-- \/wp:paragraph -->\n\n<!-- wp:paragraph -->\n<p><strong>Ses activit\u00e9s<\/strong>: organiser des manifestations et des rencontres, notamment \u00e0 buts culturels (musique, films, conf\u00e9rences, gastronomie, calligraphie, arts martiaux, etc.)<\/p>\n<!-- \/wp:paragraph -->\n\n<!-- wp:paragraph -->\n<p>Vous trouverez notre histoire dans le document suivant.<\/p>\n<!-- \/wp:paragraph -->\n\n<!-- wp:paragraph -->\n<p>Si vous \u00eates int\u00e9ress\u00e9 \u00e0&nbsp;<strong>devenir membre<\/strong>&nbsp;merci de remplir le&nbsp;<a href=\"https:\/\/www.cerclesuissejapon.ch\/wordpress\/?page_id=18\">formulaire d\u2019inscription<\/a>.<\/p>\n<!-- \/wp:paragraph -->\n\n<!-- wp:paragraph -->\n<p><\/p>\n<!-- \/wp:paragraph -->\n\n<!-- wp:paragraph -->\n<p><\/p>\n<!-- \/wp:paragraph -->\n\n<!-- wp:paragraph -->\n<p>Le&nbsp;<strong>comit\u00e9 du Cercle Suisse Japon<\/strong>&nbsp;est constitu\u00e9 ainsi :<\/p>\n<!-- \/wp:paragraph -->\n\n<!-- wp:heading {\"level\":3} -->\n<h3 id=\"president\">PR\u00c9SIDENT<\/h3>\n<!-- \/wp:heading -->\n\n<!-- wp:list -->\n<ul id=\"block-62e984d8-d949-41d8-962d-3f04f8fad641\"><li>M. Hannes Bleuler<\/li><li>bleuler(at)cerclesuissejapon.ch<\/li><\/ul>\n<!-- \/wp:list -->\n\n<!-- wp:heading {\"level\":3} -->\n<h3 id=\"vice-presidente\">VICE-PR\u00c9SIDENTE<\/h3>\n<!-- \/wp:heading -->\n\n<!-- wp:list -->\n<ul><li>Mme. Naoko Herbort-Tanno<\/li><li>tanno(at)cerclesuissejapon.ch<\/li><\/ul>\n<!-- \/wp:list -->\n\n<!-- wp:heading {\"level\":3} -->\n<h3 id=\"membres-du-comite\">MEMBRES DU COMIT\u00c9<\/h3>\n<!-- \/wp:heading -->\n\n<!-- wp:list -->\n<ul><li>M. Sylvain Meier<\/li><li>meier(at)cerclesuissejapon.ch<\/li><\/ul>\n<!-- \/wp:list -->\n\n<!-- wp:list -->\n<ul><li>Mme. Pierrette Frochaux<\/li><li>frochaux(at)cerclesuissejapon.ch<\/li><\/ul>\n<!-- \/wp:list -->\n\n<!-- wp:list -->\n<ul><li>Mme. Nadia Nibbio<\/li><li>nibbio(at)cerclesuissejapon.ch<\/li><\/ul>\n<!-- \/wp:list -->\n\n<!-- wp:list -->\n<ul><li>Mme Nima Merk<\/li><li>merk(at)cerclesuissejapon.ch<\/li><\/ul>\n<!-- \/wp:list -->\n\n<!-- wp:heading {\"level\":3} -->\n<h3 id=\"membres-du-comite\">WEBMASTERs<\/h3>\n<!-- \/wp:heading -->\n\n<!-- wp:list -->\n<ul><li>M. Alex Hantson<\/li><li>hantson(at)cerclesuissejapon.ch<\/li><\/ul>\n<!-- \/wp:list -->\n\n<!-- wp:list -->\n<ul><li>Mme.B\u00e9atrice Bleuler<\/li><li>beatrice.bleuler(at)cerclesuissejapon.ch<\/li><\/ul>\n<!-- \/wp:list -->","_et_gb_content_width":"1080","_crdt_document":"","ngg_post_thumbnail":0,"_mc_calendar":[],"footnotes":""},"class_list":["post-5","page","type-page","status-publish","hentry"],"yoast_head":"<!-- This site is optimized with the Yoast SEO plugin v27.4 - https:\/\/yoast.com\/product\/yoast-seo-wordpress\/ -->\n<title>Qui sommes-nous ? - Cercle Suisse Japon<\/title>\n<meta name=\"robots\" content=\"index, follow, max-snippet:-1, max-image-preview:large, max-video-preview:-1\" \/>\n<link rel=\"canonical\" href=\"https:\/\/www.cerclesuissejapon.ch\/wordpress\/qui-sommes-nous\/\" \/>\n<meta property=\"og:locale\" content=\"fr_FR\" \/>\n<meta property=\"og:type\" content=\"article\" \/>\n<meta property=\"og:title\" content=\"Qui sommes-nous ? - Cercle Suisse Japon\" \/>\n<meta property=\"og:description\" content=\"Qui sommes nous ? Le Cercle Suisse-Japon est une association dans la r\u00e9gion lausannoise qui a pour but de favoriser les contacts entre la Suisse et le Japon et d\u2019encourager les relations personnelles entre les ressortissants de ces deux pays. Ses activit\u00e9s: organiser des manifestations et des rencontres, notamment \u00e0 buts culturels (musique, films, conf\u00e9rences, [&hellip;]\" \/>\n<meta property=\"og:url\" content=\"https:\/\/www.cerclesuissejapon.ch\/wordpress\/qui-sommes-nous\/\" \/>\n<meta property=\"og:site_name\" content=\"Cercle Suisse Japon\" \/>\n<meta property=\"article:publisher\" content=\"https:\/\/www.facebook.com\/CercleSuisseJaponCSJ\/\" \/>\n<meta property=\"article:modified_time\" content=\"2024-08-08T13:48:43+00:00\" \/>\n<meta name=\"twitter:card\" content=\"summary_large_image\" \/>\n<meta name=\"twitter:label1\" content=\"Dur\u00e9e de lecture estim\u00e9e\" \/>\n\t<meta name=\"twitter:data1\" content=\"2 minutes\" \/>\n<script type=\"application\/ld+json\" class=\"yoast-schema-graph\">{\"@context\":\"https:\\\/\\\/schema.org\",\"@graph\":[{\"@type\":\"WebPage\",\"@id\":\"https:\\\/\\\/www.cerclesuissejapon.ch\\\/wordpress\\\/qui-sommes-nous\\\/\",\"url\":\"https:\\\/\\\/www.cerclesuissejapon.ch\\\/wordpress\\\/qui-sommes-nous\\\/\",\"name\":\"Qui sommes-nous ? - Cercle Suisse Japon\",\"isPartOf\":{\"@id\":\"https:\\\/\\\/www.cerclesuissejapon.ch\\\/wordpress\\\/#website\"},\"datePublished\":\"2012-01-02T17:29:37+00:00\",\"dateModified\":\"2024-08-08T13:48:43+00:00\",\"breadcrumb\":{\"@id\":\"https:\\\/\\\/www.cerclesuissejapon.ch\\\/wordpress\\\/qui-sommes-nous\\\/#breadcrumb\"},\"inLanguage\":\"fr-FR\",\"potentialAction\":[{\"@type\":\"ReadAction\",\"target\":[\"https:\\\/\\\/www.cerclesuissejapon.ch\\\/wordpress\\\/qui-sommes-nous\\\/\"]}]},{\"@type\":\"BreadcrumbList\",\"@id\":\"https:\\\/\\\/www.cerclesuissejapon.ch\\\/wordpress\\\/qui-sommes-nous\\\/#breadcrumb\",\"itemListElement\":[{\"@type\":\"ListItem\",\"position\":1,\"name\":\"Accueil\",\"item\":\"https:\\\/\\\/www.cerclesuissejapon.ch\\\/wordpress\\\/\"},{\"@type\":\"ListItem\",\"position\":2,\"name\":\"Qui sommes-nous ?\"}]},{\"@type\":\"WebSite\",\"@id\":\"https:\\\/\\\/www.cerclesuissejapon.ch\\\/wordpress\\\/#website\",\"url\":\"https:\\\/\\\/www.cerclesuissejapon.ch\\\/wordpress\\\/\",\"name\":\"Cercle Suisse Japon\",\"description\":\"Actualit\u00e9s du Cercle Suisse Japon en Suisse romande\",\"publisher\":{\"@id\":\"https:\\\/\\\/www.cerclesuissejapon.ch\\\/wordpress\\\/#organization\"},\"potentialAction\":[{\"@type\":\"SearchAction\",\"target\":{\"@type\":\"EntryPoint\",\"urlTemplate\":\"https:\\\/\\\/www.cerclesuissejapon.ch\\\/wordpress\\\/?s={search_term_string}\"},\"query-input\":{\"@type\":\"PropertyValueSpecification\",\"valueRequired\":true,\"valueName\":\"search_term_string\"}}],\"inLanguage\":\"fr-FR\"},{\"@type\":\"Organization\",\"@id\":\"https:\\\/\\\/www.cerclesuissejapon.ch\\\/wordpress\\\/#organization\",\"name\":\"Cercle Suisse-Japon\",\"url\":\"https:\\\/\\\/www.cerclesuissejapon.ch\\\/wordpress\\\/\",\"logo\":{\"@type\":\"ImageObject\",\"inLanguage\":\"fr-FR\",\"@id\":\"https:\\\/\\\/www.cerclesuissejapon.ch\\\/wordpress\\\/#\\\/schema\\\/logo\\\/image\\\/\",\"url\":\"https:\\\/\\\/i0.wp.com\\\/www.cerclesuissejapon.ch\\\/wordpress\\\/wp-content\\\/uploads\\\/2022\\\/02\\\/CSJ-logo-horizontal-hd.png?fit=1920%2C437&ssl=1\",\"contentUrl\":\"https:\\\/\\\/i0.wp.com\\\/www.cerclesuissejapon.ch\\\/wordpress\\\/wp-content\\\/uploads\\\/2022\\\/02\\\/CSJ-logo-horizontal-hd.png?fit=1920%2C437&ssl=1\",\"width\":1920,\"height\":437,\"caption\":\"Cercle Suisse-Japon\"},\"image\":{\"@id\":\"https:\\\/\\\/www.cerclesuissejapon.ch\\\/wordpress\\\/#\\\/schema\\\/logo\\\/image\\\/\"},\"sameAs\":[\"https:\\\/\\\/www.facebook.com\\\/CercleSuisseJaponCSJ\\\/\"]}]}<\/script>\n<!-- \/ Yoast SEO plugin. -->","yoast_head_json":{"title":"Qui sommes-nous ? - Cercle Suisse Japon","robots":{"index":"index","follow":"follow","max-snippet":"max-snippet:-1","max-image-preview":"max-image-preview:large","max-video-preview":"max-video-preview:-1"},"canonical":"https:\/\/www.cerclesuissejapon.ch\/wordpress\/qui-sommes-nous\/","og_locale":"fr_FR","og_type":"article","og_title":"Qui sommes-nous ? - Cercle Suisse Japon","og_description":"Qui sommes nous ? Le Cercle Suisse-Japon est une association dans la r\u00e9gion lausannoise qui a pour but de favoriser les contacts entre la Suisse et le Japon et d\u2019encourager les relations personnelles entre les ressortissants de ces deux pays. Ses activit\u00e9s: organiser des manifestations et des rencontres, notamment \u00e0 buts culturels (musique, films, conf\u00e9rences, [&hellip;]","og_url":"https:\/\/www.cerclesuissejapon.ch\/wordpress\/qui-sommes-nous\/","og_site_name":"Cercle Suisse Japon","article_publisher":"https:\/\/www.facebook.com\/CercleSuisseJaponCSJ\/","article_modified_time":"2024-08-08T13:48:43+00:00","twitter_card":"summary_large_image","twitter_misc":{"Dur\u00e9e de lecture estim\u00e9e":"2 minutes"},"schema":{"@context":"https:\/\/schema.org","@graph":[{"@type":"WebPage","@id":"https:\/\/www.cerclesuissejapon.ch\/wordpress\/qui-sommes-nous\/","url":"https:\/\/www.cerclesuissejapon.ch\/wordpress\/qui-sommes-nous\/","name":"Qui sommes-nous ? - Cercle Suisse Japon","isPartOf":{"@id":"https:\/\/www.cerclesuissejapon.ch\/wordpress\/#website"},"datePublished":"2012-01-02T17:29:37+00:00","dateModified":"2024-08-08T13:48:43+00:00","breadcrumb":{"@id":"https:\/\/www.cerclesuissejapon.ch\/wordpress\/qui-sommes-nous\/#breadcrumb"},"inLanguage":"fr-FR","potentialAction":[{"@type":"ReadAction","target":["https:\/\/www.cerclesuissejapon.ch\/wordpress\/qui-sommes-nous\/"]}]},{"@type":"BreadcrumbList","@id":"https:\/\/www.cerclesuissejapon.ch\/wordpress\/qui-sommes-nous\/#breadcrumb","itemListElement":[{"@type":"ListItem","position":1,"name":"Accueil","item":"https:\/\/www.cerclesuissejapon.ch\/wordpress\/"},{"@type":"ListItem","position":2,"name":"Qui sommes-nous ?"}]},{"@type":"WebSite","@id":"https:\/\/www.cerclesuissejapon.ch\/wordpress\/#website","url":"https:\/\/www.cerclesuissejapon.ch\/wordpress\/","name":"Cercle Suisse Japon","description":"Actualit\u00e9s du Cercle Suisse Japon en Suisse romande","publisher":{"@id":"https:\/\/www.cerclesuissejapon.ch\/wordpress\/#organization"},"potentialAction":[{"@type":"SearchAction","target":{"@type":"EntryPoint","urlTemplate":"https:\/\/www.cerclesuissejapon.ch\/wordpress\/?s={search_term_string}"},"query-input":{"@type":"PropertyValueSpecification","valueRequired":true,"valueName":"search_term_string"}}],"inLanguage":"fr-FR"},{"@type":"Organization","@id":"https:\/\/www.cerclesuissejapon.ch\/wordpress\/#organization","name":"Cercle Suisse-Japon","url":"https:\/\/www.cerclesuissejapon.ch\/wordpress\/","logo":{"@type":"ImageObject","inLanguage":"fr-FR","@id":"https:\/\/www.cerclesuissejapon.ch\/wordpress\/#\/schema\/logo\/image\/","url":"https:\/\/i0.wp.com\/www.cerclesuissejapon.ch\/wordpress\/wp-content\/uploads\/2022\/02\/CSJ-logo-horizontal-hd.png?fit=1920%2C437&ssl=1","contentUrl":"https:\/\/i0.wp.com\/www.cerclesuissejapon.ch\/wordpress\/wp-content\/uploads\/2022\/02\/CSJ-logo-horizontal-hd.png?fit=1920%2C437&ssl=1","width":1920,"height":437,"caption":"Cercle Suisse-Japon"},"image":{"@id":"https:\/\/www.cerclesuissejapon.ch\/wordpress\/#\/schema\/logo\/image\/"},"sameAs":["https:\/\/www.facebook.com\/CercleSuisseJaponCSJ\/"]}]}},"jetpack_sharing_enabled":true,"_links":{"self":[{"href":"https:\/\/www.cerclesuissejapon.ch\/wordpress\/wp-json\/wp\/v2\/pages\/5","targetHints":{"allow":["GET"]}}],"collection":[{"href":"https:\/\/www.cerclesuissejapon.ch\/wordpress\/wp-json\/wp\/v2\/pages"}],"about":[{"href":"https:\/\/www.cerclesuissejapon.ch\/wordpress\/wp-json\/wp\/v2\/types\/page"}],"author":[{"embeddable":true,"href":"https:\/\/www.cerclesuissejapon.ch\/wordpress\/wp-json\/wp\/v2\/users\/1"}],"replies":[{"embeddable":true,"href":"https:\/\/www.cerclesuissejapon.ch\/wordpress\/wp-json\/wp\/v2\/comments?post=5"}],"version-history":[{"count":40,"href":"https:\/\/www.cerclesuissejapon.ch\/wordpress\/wp-json\/wp\/v2\/pages\/5\/revisions"}],"predecessor-version":[{"id":2157,"href":"https:\/\/www.cerclesuissejapon.ch\/wordpress\/wp-json\/wp\/v2\/pages\/5\/revisions\/2157"}],"wp:attachment":[{"href":"https:\/\/www.cerclesuissejapon.ch\/wordpress\/wp-json\/wp\/v2\/media?parent=5"}],"curies":[{"name":"wp","href":"https:\/\/api.w.org\/{rel}","templated":true}]}}