{"id":58,"date":"2012-01-04T19:57:02","date_gmt":"2012-01-04T19:57:02","guid":{"rendered":"http:\/\/www.cerclesuissejapon.ch\/wordpress\/?page_id=58"},"modified":"2025-02-11T19:05:18","modified_gmt":"2025-02-11T18:05:18","slug":"contact","status":"publish","type":"page","link":"https:\/\/www.cerclesuissejapon.ch\/wordpress\/contact\/","title":{"rendered":"Contact"},"content":{"rendered":"[et_pb_section admin_label=\u00a0\u00bbsection\u00a0\u00bb]\n\t\t\t[et_pb_row admin_label=\u00a0\u00bbrow\u00a0\u00bb]\n\t\t\t\t[et_pb_column type=\u00a0\u00bb4_4&Prime;][et_pb_text admin_label=\u00a0\u00bbText\u00a0\u00bb]\n<div class=\"wpcf7 no-js\" id=\"wpcf7-f1236-o1\" lang=\"fr-FR\" dir=\"ltr\" data-wpcf7-id=\"1236\">\n<div class=\"screen-reader-response\"><p role=\"status\" aria-live=\"polite\" aria-atomic=\"true\"><\/p> <ul><\/ul><\/div>\n<form action=\"\/wordpress\/wp-json\/wp\/v2\/pages\/58#wpcf7-f1236-o1\" method=\"post\" class=\"wpcf7-form init\" aria-label=\"Formulaire de contact\" novalidate=\"novalidate\" data-status=\"init\">\n<fieldset class=\"hidden-fields-container\"><input type=\"hidden\" name=\"_wpcf7\" value=\"1236\" \/><input type=\"hidden\" name=\"_wpcf7_version\" value=\"6.1.5\" \/><input type=\"hidden\" name=\"_wpcf7_locale\" value=\"fr_FR\" \/><input type=\"hidden\" name=\"_wpcf7_unit_tag\" value=\"wpcf7-f1236-o1\" \/><input type=\"hidden\" name=\"_wpcf7_container_post\" value=\"0\" \/><input type=\"hidden\" name=\"_wpcf7_posted_data_hash\" value=\"\" \/><input type=\"hidden\" name=\"_wpcf7_recaptcha_response\" value=\"\" \/>\n<\/fieldset>\n<p>Vous avez des questions, des remarques ou des commentaires?\n<\/p>\n<p>N\u2019h\u00e9sitez pas \u00e0 nous contacter \u00e0 l\u2019aide du formulaire ci-dessous :\n<\/p>\n<p>Votre nom (obligatoire)\n<\/p>\n<p><span class=\"wpcf7-form-control-wrap\" data-name=\"your-name\"><input size=\"40\" maxlength=\"400\" class=\"wpcf7-form-control wpcf7-text wpcf7-validates-as-required\" aria-required=\"true\" aria-invalid=\"false\" value=\"\" type=\"text\" name=\"your-name\" \/><\/span>\n<\/p>\n<p>Votre email (obligatoire)\n<\/p>\n<p><span class=\"wpcf7-form-control-wrap\" data-name=\"your-email\"><input size=\"40\" maxlength=\"400\" class=\"wpcf7-form-control wpcf7-email wpcf7-validates-as-required wpcf7-text wpcf7-validates-as-email\" aria-required=\"true\" aria-invalid=\"false\" value=\"\" type=\"email\" name=\"your-email\" \/><\/span>\n<\/p>\n<p>Sujet\n<\/p>\n<p><span class=\"wpcf7-form-control-wrap\" data-name=\"your-subject\"><input size=\"40\" maxlength=\"400\" class=\"wpcf7-form-control wpcf7-text\" aria-invalid=\"false\" value=\"\" type=\"text\" name=\"your-subject\" \/><\/span>\n<\/p>\n<p>Votre message\n<\/p>\n<p><span class=\"wpcf7-form-control-wrap\" data-name=\"your-message\"><textarea cols=\"40\" rows=\"10\" maxlength=\"2000\" class=\"wpcf7-form-control wpcf7-textarea\" aria-invalid=\"false\" name=\"your-message\"><\/textarea><\/span>\n<\/p>\n<p>Recopiez les caract\u00e8res suivants avant d'envoyer votre message s'il vous pla\u00eet :<br \/>\n<input type=\"hidden\" name=\"_wpcf7_captcha_challenge_captcha-634\" value=\"2814863973\" \/><img data-recalc-dims=\"1\" loading=\"lazy\" decoding=\"async\" class=\"wpcf7-form-control wpcf7-captchac wpcf7-captcha-captcha-634\" width=\"72\" height=\"24\" alt=\"captcha\" src=\"https:\/\/i0.wp.com\/www.cerclesuissejapon.ch\/wordpress\/wp-content\/uploads\/wpcf7_captcha\/2814863973.png?resize=72%2C24&#038;ssl=1\" \/><span class=\"wpcf7-form-control-wrap\" data-name=\"captcha-634\"><input size=\"40\" class=\"wpcf7-form-control wpcf7-captchar\" autocomplete=\"off\" aria-invalid=\"false\" value=\"\" type=\"text\" name=\"captcha-634\" \/><\/span>\n<\/p>\n<p><input class=\"wpcf7-form-control wpcf7-submit has-spinner\" type=\"submit\" value=\"Envoyer\" \/>\n<\/p><p style=\"display: none !important;\" class=\"akismet-fields-container\" data-prefix=\"_wpcf7_ak_\"><label>&#916;<textarea name=\"_wpcf7_ak_hp_textarea\" cols=\"45\" rows=\"8\" maxlength=\"100\"><\/textarea><\/label><input type=\"hidden\" id=\"ak_js_1\" name=\"_wpcf7_ak_js\" value=\"13\"\/><script type=\"text\/javascript\">\n\/* <![CDATA[ *\/\ndocument.getElementById( \"ak_js_1\" ).setAttribute( \"value\", ( new Date() ).getTime() );\n\/* ]]> *\/\n<\/script>\n<\/p><div class=\"wpcf7-response-output\" aria-hidden=\"true\"><\/div>\n<\/form>\n<\/div>\n\n\n\n<p class=\"wp-block-paragraph\"><\/p>\n[\/et_pb_text][\/et_pb_column]\n\t\t\t[\/et_pb_row]\n\t\t[\/et_pb_section]","protected":false},"excerpt":{"rendered":"\n<div class=\"wpcf7 no-js\" id=\"wpcf7-f1236-o2\" lang=\"fr-FR\" dir=\"ltr\" data-wpcf7-id=\"1236\">\n<div class=\"screen-reader-response\"><p role=\"status\" aria-live=\"polite\" aria-atomic=\"true\"><\/p> <ul><\/ul><\/div>\n<form action=\"\/wordpress\/wp-json\/wp\/v2\/pages\/58#wpcf7-f1236-o2\" method=\"post\" class=\"wpcf7-form init\" aria-label=\"Formulaire de contact\" novalidate=\"novalidate\" data-status=\"init\">\n<fieldset class=\"hidden-fields-container\"><input type=\"hidden\" name=\"_wpcf7\" value=\"1236\" \/><input type=\"hidden\" name=\"_wpcf7_version\" value=\"6.1.5\" \/><input type=\"hidden\" name=\"_wpcf7_locale\" value=\"fr_FR\" \/><input type=\"hidden\" name=\"_wpcf7_unit_tag\" value=\"wpcf7-f1236-o2\" \/><input type=\"hidden\" name=\"_wpcf7_container_post\" value=\"0\" \/><input type=\"hidden\" name=\"_wpcf7_posted_data_hash\" value=\"\" \/><input type=\"hidden\" name=\"_wpcf7_recaptcha_response\" value=\"\" \/>\n<\/fieldset>\n<p>Vous avez des questions, des remarques ou des commentaires?\n<\/p>\n<p>N\u2019h\u00e9sitez pas \u00e0 nous contacter \u00e0 l\u2019aide du formulaire ci-dessous :\n<\/p>\n<p>Votre nom (obligatoire)\n<\/p>\n<p><span class=\"wpcf7-form-control-wrap\" data-name=\"your-name\"><input size=\"40\" maxlength=\"400\" class=\"wpcf7-form-control wpcf7-text wpcf7-validates-as-required\" aria-required=\"true\" aria-invalid=\"false\" value=\"\" type=\"text\" name=\"your-name\" \/><\/span>\n<\/p>\n<p>Votre email (obligatoire)\n<\/p>\n<p><span class=\"wpcf7-form-control-wrap\" data-name=\"your-email\"><input size=\"40\" maxlength=\"400\" class=\"wpcf7-form-control wpcf7-email wpcf7-validates-as-required wpcf7-text wpcf7-validates-as-email\" aria-required=\"true\" aria-invalid=\"false\" value=\"\" type=\"email\" name=\"your-email\" \/><\/span>\n<\/p>\n<p>Sujet\n<\/p>\n<p><span class=\"wpcf7-form-control-wrap\" data-name=\"your-subject\"><input size=\"40\" maxlength=\"400\" class=\"wpcf7-form-control wpcf7-text\" aria-invalid=\"false\" value=\"\" type=\"text\" name=\"your-subject\" \/><\/span>\n<\/p>\n<p>Votre message\n<\/p>\n<p><span class=\"wpcf7-form-control-wrap\" data-name=\"your-message\"><textarea cols=\"40\" rows=\"10\" maxlength=\"2000\" class=\"wpcf7-form-control wpcf7-textarea\" aria-invalid=\"false\" name=\"your-message\"><\/textarea><\/span>\n<\/p>\n<p>Recopiez les caract\u00e8res suivants avant d'envoyer votre message s'il vous pla\u00eet :<br \/>\n<input type=\"hidden\" name=\"_wpcf7_captcha_challenge_captcha-634\" value=\"2850864955\" \/><img loading=\"lazy\" decoding=\"async\" class=\"wpcf7-form-control wpcf7-captchac wpcf7-captcha-captcha-634\" width=\"72\" height=\"24\" alt=\"captcha\" src=\"https:\/\/www.cerclesuissejapon.ch\/wordpress\/wp-content\/uploads\/wpcf7_captcha\/2850864955.png\" \/><span class=\"wpcf7-form-control-wrap\" data-name=\"captcha-634\"><input size=\"40\" class=\"wpcf7-form-control wpcf7-captchar\" autocomplete=\"off\" aria-invalid=\"false\" value=\"\" type=\"text\" name=\"captcha-634\" \/><\/span>\n<\/p>\n<p><input class=\"wpcf7-form-control wpcf7-submit has-spinner\" type=\"submit\" value=\"Envoyer\" \/>\n<\/p><p style=\"display: none !important;\" class=\"akismet-fields-container\" data-prefix=\"_wpcf7_ak_\"><label>&#916;<textarea name=\"_wpcf7_ak_hp_textarea\" cols=\"45\" rows=\"8\" maxlength=\"100\"><\/textarea><\/label><input type=\"hidden\" id=\"ak_js_2\" name=\"_wpcf7_ak_js\" value=\"244\"\/><script type=\"text\/javascript\">\n\/* <![CDATA[ *\/\ndocument.getElementById( \"ak_js_2\" ).setAttribute( \"value\", ( new Date() ).getTime() );\n\/* ]]> *\/\n<\/script>\n<\/p><div class=\"wpcf7-response-output\" aria-hidden=\"true\"><\/div>\n<\/form>\n<\/div>\n\n","protected":false},"author":1,"featured_media":0,"parent":0,"menu_order":7,"comment_status":"closed","ping_status":"open","template":"","meta":{"_et_pb_use_builder":"on","_et_pb_old_content":"<p>[contact-form-7 id=\"1236\" title=\"Contact\"]<\/p>\n\n<!-- wp:paragraph -->\n<p><\/p>\n<!-- \/wp:paragraph -->","_et_gb_content_width":"1080","_crdt_document":"","ngg_post_thumbnail":0,"_mc_calendar":[],"footnotes":""},"class_list":["post-58","page","type-page","status-publish","hentry"],"yoast_head":"<!-- This site is optimized with the Yoast SEO plugin v27.6 - https:\/\/yoast.com\/product\/yoast-seo-wordpress\/ -->\n<title>Contact - Cercle Suisse Japon<\/title>\n<meta name=\"robots\" content=\"index, follow, max-snippet:-1, max-image-preview:large, max-video-preview:-1\" \/>\n<link rel=\"canonical\" href=\"https:\/\/www.cerclesuissejapon.ch\/wordpress\/contact\/\" \/>\n<meta property=\"og:locale\" content=\"fr_FR\" \/>\n<meta property=\"og:type\" content=\"article\" \/>\n<meta property=\"og:title\" content=\"Contact - Cercle Suisse Japon\" \/>\n<meta property=\"og:url\" content=\"https:\/\/www.cerclesuissejapon.ch\/wordpress\/contact\/\" \/>\n<meta property=\"og:site_name\" content=\"Cercle Suisse Japon\" \/>\n<meta property=\"article:publisher\" content=\"https:\/\/www.facebook.com\/CercleSuisseJaponCSJ\/\" \/>\n<meta property=\"article:modified_time\" content=\"2025-02-11T18:05:18+00:00\" \/>\n<meta name=\"twitter:card\" content=\"summary_large_image\" \/>\n<meta name=\"twitter:description\" content=\"[contact-form-7 id=&quot;1236&quot; title=&quot;Contact&quot;]\" \/>\n<script type=\"application\/ld+json\" class=\"yoast-schema-graph\">{\"@context\":\"https:\\\/\\\/schema.org\",\"@graph\":[{\"@type\":\"WebPage\",\"@id\":\"https:\\\/\\\/www.cerclesuissejapon.ch\\\/wordpress\\\/contact\\\/\",\"url\":\"https:\\\/\\\/www.cerclesuissejapon.ch\\\/wordpress\\\/contact\\\/\",\"name\":\"Contact - Cercle Suisse Japon\",\"isPartOf\":{\"@id\":\"https:\\\/\\\/www.cerclesuissejapon.ch\\\/wordpress\\\/#website\"},\"datePublished\":\"2012-01-04T19:57:02+00:00\",\"dateModified\":\"2025-02-11T18:05:18+00:00\",\"breadcrumb\":{\"@id\":\"https:\\\/\\\/www.cerclesuissejapon.ch\\\/wordpress\\\/contact\\\/#breadcrumb\"},\"inLanguage\":\"fr-FR\",\"potentialAction\":[{\"@type\":\"ReadAction\",\"target\":[\"https:\\\/\\\/www.cerclesuissejapon.ch\\\/wordpress\\\/contact\\\/\"]}]},{\"@type\":\"BreadcrumbList\",\"@id\":\"https:\\\/\\\/www.cerclesuissejapon.ch\\\/wordpress\\\/contact\\\/#breadcrumb\",\"itemListElement\":[{\"@type\":\"ListItem\",\"position\":1,\"name\":\"Accueil\",\"item\":\"https:\\\/\\\/www.cerclesuissejapon.ch\\\/wordpress\\\/\"},{\"@type\":\"ListItem\",\"position\":2,\"name\":\"Contact\"}]},{\"@type\":\"WebSite\",\"@id\":\"https:\\\/\\\/www.cerclesuissejapon.ch\\\/wordpress\\\/#website\",\"url\":\"https:\\\/\\\/www.cerclesuissejapon.ch\\\/wordpress\\\/\",\"name\":\"Cercle Suisse Japon\",\"description\":\"Actualit\u00e9s du Cercle Suisse Japon en Suisse romande\",\"publisher\":{\"@id\":\"https:\\\/\\\/www.cerclesuissejapon.ch\\\/wordpress\\\/#organization\"},\"potentialAction\":[{\"@type\":\"SearchAction\",\"target\":{\"@type\":\"EntryPoint\",\"urlTemplate\":\"https:\\\/\\\/www.cerclesuissejapon.ch\\\/wordpress\\\/?s={search_term_string}\"},\"query-input\":{\"@type\":\"PropertyValueSpecification\",\"valueRequired\":true,\"valueName\":\"search_term_string\"}}],\"inLanguage\":\"fr-FR\"},{\"@type\":\"Organization\",\"@id\":\"https:\\\/\\\/www.cerclesuissejapon.ch\\\/wordpress\\\/#organization\",\"name\":\"Cercle Suisse-Japon\",\"url\":\"https:\\\/\\\/www.cerclesuissejapon.ch\\\/wordpress\\\/\",\"logo\":{\"@type\":\"ImageObject\",\"inLanguage\":\"fr-FR\",\"@id\":\"https:\\\/\\\/www.cerclesuissejapon.ch\\\/wordpress\\\/#\\\/schema\\\/logo\\\/image\\\/\",\"url\":\"https:\\\/\\\/i0.wp.com\\\/www.cerclesuissejapon.ch\\\/wordpress\\\/wp-content\\\/uploads\\\/2022\\\/02\\\/CSJ-logo-horizontal-hd.png?fit=1920%2C437&ssl=1\",\"contentUrl\":\"https:\\\/\\\/i0.wp.com\\\/www.cerclesuissejapon.ch\\\/wordpress\\\/wp-content\\\/uploads\\\/2022\\\/02\\\/CSJ-logo-horizontal-hd.png?fit=1920%2C437&ssl=1\",\"width\":1920,\"height\":437,\"caption\":\"Cercle Suisse-Japon\"},\"image\":{\"@id\":\"https:\\\/\\\/www.cerclesuissejapon.ch\\\/wordpress\\\/#\\\/schema\\\/logo\\\/image\\\/\"},\"sameAs\":[\"https:\\\/\\\/www.facebook.com\\\/CercleSuisseJaponCSJ\\\/\"]}]}<\/script>\n<!-- \/ Yoast SEO plugin. -->","yoast_head_json":{"title":"Contact - Cercle Suisse Japon","robots":{"index":"index","follow":"follow","max-snippet":"max-snippet:-1","max-image-preview":"max-image-preview:large","max-video-preview":"max-video-preview:-1"},"canonical":"https:\/\/www.cerclesuissejapon.ch\/wordpress\/contact\/","og_locale":"fr_FR","og_type":"article","og_title":"Contact - Cercle Suisse Japon","og_url":"https:\/\/www.cerclesuissejapon.ch\/wordpress\/contact\/","og_site_name":"Cercle Suisse Japon","article_publisher":"https:\/\/www.facebook.com\/CercleSuisseJaponCSJ\/","article_modified_time":"2025-02-11T18:05:18+00:00","twitter_card":"summary_large_image","twitter_description":"[contact-form-7 id=\"1236\" title=\"Contact\"]","schema":{"@context":"https:\/\/schema.org","@graph":[{"@type":"WebPage","@id":"https:\/\/www.cerclesuissejapon.ch\/wordpress\/contact\/","url":"https:\/\/www.cerclesuissejapon.ch\/wordpress\/contact\/","name":"Contact - Cercle Suisse Japon","isPartOf":{"@id":"https:\/\/www.cerclesuissejapon.ch\/wordpress\/#website"},"datePublished":"2012-01-04T19:57:02+00:00","dateModified":"2025-02-11T18:05:18+00:00","breadcrumb":{"@id":"https:\/\/www.cerclesuissejapon.ch\/wordpress\/contact\/#breadcrumb"},"inLanguage":"fr-FR","potentialAction":[{"@type":"ReadAction","target":["https:\/\/www.cerclesuissejapon.ch\/wordpress\/contact\/"]}]},{"@type":"BreadcrumbList","@id":"https:\/\/www.cerclesuissejapon.ch\/wordpress\/contact\/#breadcrumb","itemListElement":[{"@type":"ListItem","position":1,"name":"Accueil","item":"https:\/\/www.cerclesuissejapon.ch\/wordpress\/"},{"@type":"ListItem","position":2,"name":"Contact"}]},{"@type":"WebSite","@id":"https:\/\/www.cerclesuissejapon.ch\/wordpress\/#website","url":"https:\/\/www.cerclesuissejapon.ch\/wordpress\/","name":"Cercle Suisse Japon","description":"Actualit\u00e9s du Cercle Suisse Japon en Suisse romande","publisher":{"@id":"https:\/\/www.cerclesuissejapon.ch\/wordpress\/#organization"},"potentialAction":[{"@type":"SearchAction","target":{"@type":"EntryPoint","urlTemplate":"https:\/\/www.cerclesuissejapon.ch\/wordpress\/?s={search_term_string}"},"query-input":{"@type":"PropertyValueSpecification","valueRequired":true,"valueName":"search_term_string"}}],"inLanguage":"fr-FR"},{"@type":"Organization","@id":"https:\/\/www.cerclesuissejapon.ch\/wordpress\/#organization","name":"Cercle Suisse-Japon","url":"https:\/\/www.cerclesuissejapon.ch\/wordpress\/","logo":{"@type":"ImageObject","inLanguage":"fr-FR","@id":"https:\/\/www.cerclesuissejapon.ch\/wordpress\/#\/schema\/logo\/image\/","url":"https:\/\/i0.wp.com\/www.cerclesuissejapon.ch\/wordpress\/wp-content\/uploads\/2022\/02\/CSJ-logo-horizontal-hd.png?fit=1920%2C437&ssl=1","contentUrl":"https:\/\/i0.wp.com\/www.cerclesuissejapon.ch\/wordpress\/wp-content\/uploads\/2022\/02\/CSJ-logo-horizontal-hd.png?fit=1920%2C437&ssl=1","width":1920,"height":437,"caption":"Cercle Suisse-Japon"},"image":{"@id":"https:\/\/www.cerclesuissejapon.ch\/wordpress\/#\/schema\/logo\/image\/"},"sameAs":["https:\/\/www.facebook.com\/CercleSuisseJaponCSJ\/"]}]}},"jetpack_sharing_enabled":true,"_links":{"self":[{"href":"https:\/\/www.cerclesuissejapon.ch\/wordpress\/wp-json\/wp\/v2\/pages\/58","targetHints":{"allow":["GET"]}}],"collection":[{"href":"https:\/\/www.cerclesuissejapon.ch\/wordpress\/wp-json\/wp\/v2\/pages"}],"about":[{"href":"https:\/\/www.cerclesuissejapon.ch\/wordpress\/wp-json\/wp\/v2\/types\/page"}],"author":[{"embeddable":true,"href":"https:\/\/www.cerclesuissejapon.ch\/wordpress\/wp-json\/wp\/v2\/users\/1"}],"replies":[{"embeddable":true,"href":"https:\/\/www.cerclesuissejapon.ch\/wordpress\/wp-json\/wp\/v2\/comments?post=58"}],"version-history":[{"count":5,"href":"https:\/\/www.cerclesuissejapon.ch\/wordpress\/wp-json\/wp\/v2\/pages\/58\/revisions"}],"predecessor-version":[{"id":2247,"href":"https:\/\/www.cerclesuissejapon.ch\/wordpress\/wp-json\/wp\/v2\/pages\/58\/revisions\/2247"}],"wp:attachment":[{"href":"https:\/\/www.cerclesuissejapon.ch\/wordpress\/wp-json\/wp\/v2\/media?parent=58"}],"curies":[{"name":"wp","href":"https:\/\/api.w.org\/{rel}","templated":true}]}}